{"id":7443,"date":"2022-09-26T14:39:07","date_gmt":"2022-09-26T13:39:07","guid":{"rendered":"https:\/\/l2ep.univ-lille.fr\/?page_id=7443"},"modified":"2024-03-06T10:09:55","modified_gmt":"2024-03-06T09:09:55","slug":"comasys","status":"publish","type":"page","link":"https:\/\/l2ep.univ-lille.fr\/en\/laboratoire\/comasys\/","title":{"rendered":"Projet COMASYS"},"content":{"rendered":"<div style=\"width: 700px; margin: auto; text-align: center;\">\n<figure class=\"wp-block-image size-large\"><\/figure>\n<\/div>\n<div style=\"width: 700px; margin: auto; text-align: center;\">\n<p align=\"justify\">\n<\/p>\n<p align=\"center\">\n<\/p><\/div>\n\n\n<div class=\"wp-block-columns\">\n<div class=\"wp-block-column\" style=\"flex-basis:100%\">\n<div class=\"wp-block-columns\">\n<div class=\"wp-block-column\"><\/div>\n\n\n\n<div class=\"wp-block-column\">\n<figure class=\"wp-block-image size-full\"><a href=\"https:\/\/comasys.univ-lille.fr\" target=\"_blank\" rel=\"noopener\"><img loading=\"lazy\" width=\"800\" height=\"545\" src=\"https:\/\/l2ep.univ-lille.fr\/wp-content\/uploads\/Logo-COMASYS-FINAL_small.png\" alt=\"\" class=\"wp-image-7437\" srcset=\"https:\/\/l2ep.univ-lille.fr\/wp-content\/uploads\/Logo-COMASYS-FINAL_small.png 800w, https:\/\/l2ep.univ-lille.fr\/wp-content\/uploads\/Logo-COMASYS-FINAL_small-300x204.png 300w, https:\/\/l2ep.univ-lille.fr\/wp-content\/uploads\/Logo-COMASYS-FINAL_small-768x523.png 768w\" sizes=\"(max-width: 800px) 100vw, 800px\" \/><\/a><\/figure>\n<\/div>\n\n\n\n<div class=\"wp-block-column\"><\/div>\n<\/div>\n<\/div>\n<\/div>\n\n\n\n<p>En 2020, des chercheurs et enseignants-chercheurs travaillant sur la th\u00e9matique \u00ab&nbsp;\u00e9nergie&nbsp;\u00bb se sont r\u00e9unis au sein de l&rsquo;Universit\u00e9 de Lille. Un premier recensement des forces en pr\u00e9sence montre que de nombreux laboratoires situ\u00e9s sur le site de la Facult\u00e9 des Sciences et Technologies de l\u2019Universit\u00e9 de Lille \u00e0 Villeneuve-d\u2019Ascq travaillent sur cette m\u00eame th\u00e9matique. Financ\u00e9 par l\u2019ISITE ULNE (I-SITE : label d\u2019universit\u00e9 d\u2019excellence &#8211; Universit\u00e9 Lille Nord-Europe), le projet&nbsp;<strong>COMASYS<\/strong>&nbsp;<em>\u00ab&nbsp;<strong>Co<\/strong>ntinuum de l\u2019\u00e9nergie&nbsp;: du&nbsp;<strong>ma<\/strong>t\u00e9riau aux&nbsp;<strong>sys<\/strong>t\u00e8mes&nbsp;\u00bb<\/em>&nbsp;voit alors le jour au cours de l&rsquo;ann\u00e9e 2021-2022.<\/p>\n\n\n\n<div class=\"wp-block-columns\">\n<div class=\"wp-block-column\">\n<div style=\"height:33px\" aria-hidden=\"true\" class=\"wp-block-spacer\"><\/div>\n<\/div>\n<\/div>\n\n\n\n<div class=\"wp-block-columns\">\n<div class=\"wp-block-column\"><\/div>\n\n\n\n<div class=\"wp-block-column\">\n<div class=\"wp-block-buttons\">\n<div class=\"wp-block-button has-custom-width wp-block-button__width-100\"><a class=\"wp-block-button__link has-white-color has-text-color has-background\" href=\"https:\/\/comasys.univ-lille.fr\" style=\"background-color:#2da68c\" target=\"_blank\" rel=\"noreferrer noopener\"><strong>Site du projet COMASYS<\/strong><\/a><\/div>\n<\/div>\n<\/div>\n\n\n\n<div class=\"wp-block-column\"><\/div>\n<\/div>\n\n\n\n<div style=\"height:86px\" aria-hidden=\"true\" class=\"wp-block-spacer\"><\/div>\n","protected":false},"excerpt":{"rendered":"<p>En 2020, des chercheurs et enseignants-chercheurs travaillant sur la th\u00e9matique \u00ab&nbsp;\u00e9nergie&nbsp;\u00bb se sont r\u00e9unis au sein de l&rsquo;Universit\u00e9 de Lille. Un premier recensement des forces en pr\u00e9sence montre que de nombreux laboratoires situ\u00e9s sur le site de la Facult\u00e9 des Sciences et Technologies de l\u2019Universit\u00e9 de Lille \u00e0 Villeneuve-d\u2019Ascq travaillent sur cette m\u00eame th\u00e9matique. Financ\u00e9 [&hellip;]<\/p>\n","protected":false},"author":8,"featured_media":0,"parent":217,"menu_order":8,"comment_status":"closed","ping_status":"closed","template":"","meta":[],"_links":{"self":[{"href":"https:\/\/l2ep.univ-lille.fr\/en\/wp-json\/wp\/v2\/pages\/7443"}],"collection":[{"href":"https:\/\/l2ep.univ-lille.fr\/en\/wp-json\/wp\/v2\/pages"}],"about":[{"href":"https:\/\/l2ep.univ-lille.fr\/en\/wp-json\/wp\/v2\/types\/page"}],"author":[{"embeddable":true,"href":"https:\/\/l2ep.univ-lille.fr\/en\/wp-json\/wp\/v2\/users\/8"}],"replies":[{"embeddable":true,"href":"https:\/\/l2ep.univ-lille.fr\/en\/wp-json\/wp\/v2\/comments?post=7443"}],"version-history":[{"count":20,"href":"https:\/\/l2ep.univ-lille.fr\/en\/wp-json\/wp\/v2\/pages\/7443\/revisions"}],"predecessor-version":[{"id":8156,"href":"https:\/\/l2ep.univ-lille.fr\/en\/wp-json\/wp\/v2\/pages\/7443\/revisions\/8156"}],"up":[{"embeddable":true,"href":"https:\/\/l2ep.univ-lille.fr\/en\/wp-json\/wp\/v2\/pages\/217"}],"wp:attachment":[{"href":"https:\/\/l2ep.univ-lille.fr\/en\/wp-json\/wp\/v2\/media?parent=7443"}],"curies":[{"name":"wp","href":"https:\/\/api.w.org\/{rel}","templated":true}]}}