{"id":575,"date":"2013-09-25T09:08:05","date_gmt":"2013-09-25T08:08:05","guid":{"rendered":"https:\/\/l2ep.univ-lille.fr\/?page_id=575"},"modified":"2026-02-11T10:07:55","modified_gmt":"2026-02-11T09:07:55","slug":"equipe-reseaux","status":"publish","type":"page","link":"https:\/\/l2ep.univ-lille.fr\/en\/groupes-de-recherche\/equipe-reseaux\/","title":{"rendered":"Team Power system"},"content":{"rendered":"<p align=\"left\"><strong><span style=\"color: #000000;\"><a href=\"https:\/\/l2ep.univ-lille.fr\/wp-content\/uploads\/Arts-m1-03.jpg\"><img loading=\"lazy\" class=\"alignleft size-thumbnail wp-image-1037\" alt=\"\u00e9quipe r\u00e9seaux\" src=\"https:\/\/l2ep.univ-lille.fr\/wp-content\/uploads\/Arts-m1-03-150x150.jpg\" width=\"150\" height=\"150\" \/><\/a>Supervisor :<\/span><span style=\"color: #f07e1c;\"><a title=\"benoit robyns\" href=\"https:\/\/l2ep.univ-lille.fr\/?page_id=102&amp;var=86\"><span style=\"color: #f07e1c;\"> Beno\u00eet ROBYNS<\/span><\/a><\/span><br \/>\n<\/strong><span style=\"color: #0000ff;\"><a href=\"mailto:benoit.robyns@hei.fr\"><span style=\"color: #333333;\">benoit.robyns@hei.fr<\/span><br \/>\n<\/a><\/span>Ecole des Hautes Etudes d&rsquo;Ing\u00e9nieur<br \/>\n13, rue de Toul, 59046 Lille Cedex<br \/>\nT\u00e9l\u00a0: +33 (0)3-28-38-48-58<\/p>\n<p>&nbsp;<\/p>\n<p>&nbsp;<\/p>\n<p><strong><span style=\"color: #000000;\"><span style=\"color: #000000;\">&gt; <\/span><span style=\"color: #000000;\"><a title=\"actus R\u00e9seaux\" href=\"https:\/\/l2ep.univ-lille.fr\/?cat=18\"><span style=\"color: #000000;\">News<\/span><\/a><\/span><\/span><\/strong><br \/>\n<strong>&gt; <\/strong><span style=\"color: #000000;\"><strong><a title=\"d\u00e9veloppements \u00e9quipe r\u00e9seaux\" href=\"https:\/\/l2ep.univ-lille.fr\/en\/groupes-de-recherche\/equipe-reseaux\/developpements\/\"><span style=\"color: #000000;\">Developments<\/span><\/a><\/strong><\/span><span style=\"color: #000000;\"><strong><br \/>\n<\/strong><strong>&gt; <\/strong><\/span><span style=\"color: #000000;\"><strong><a title=\"equipe r\u00e9seaux plateforme ER\" href=\"https:\/\/www.epmlab.eu\/\" target=\"_blank\" rel=\"noopener\"><span style=\"color: #000000;\">Plate-forme<\/span><\/a><\/strong><\/span><span style=\"color: #000000;\"><br \/>\n<strong>&gt; <\/strong><\/span><span style=\"color: #000000;\"><strong><a title=\"Theses equipe reseaux\" href=\"https:\/\/l2ep.univ-lille.fr\/?page_id=2394\"><span style=\"color: #000000;\">Thesis<\/span><\/a><\/strong><\/span><\/p>\n<p align=\"left\"><span style=\"color: #f07e1c;\"><strong><span style=\"font-size: medium; color: #f07e1c;\">Research Axis<\/span><\/strong><\/span><\/p>\n<p style=\"text-align: justify;\">Reduction of carbon emissions is the main driver of the Power System Team. This research team looks for techno-economic solutions in electrical systems for massive use of electricity production from renewable energy, efficiency and power quality increase, mastering the load demand, market and stakeholder organization.<\/p>\n<p style=\"text-align: justify;\">The Power System Team contributes to the evolution of Power Systems towards Smart-Grids through its scientific development concerning their architecture design and energy management with new technologies (power electronic converters, communication networks, storage systems \u2026).<\/p>\n<p>The Power System Team stands out for:<\/p>\n<ul>\n<li>its multi-objective methodologies for the energy management of electrical systems, particularly in smart grids;<\/li>\n<li>its work on high penetration of power electronic converters in transmission power system<\/li>\n<li>its associated experimental approaches, its knowledge in real-time modeling and simulation of electrical networks, as well as on the control of HVDC transmission systems.<\/li>\n<\/ul>\n<p align=\"left\"><strong><span style=\"color: #f07e1c;\"><strong><span style=\"font-size: medium; color: #f07e1c;\">Keywords<\/span><\/strong><\/span><\/strong><\/p>\n<p>Energy management, renewable energies, electrical energy storage, power grid, embedded network, ancillary services, power electronics in transmission power system<\/p>\n<p align=\"left\"><strong><span style=\"font-size: medium; color: #f07e1c;\">Team&nbsp;<\/span><\/strong><\/p><p><a href=\".\/?page_id=102&var=1688\" title=\"Dhaker ABBES\">ABBES Dhaker<\/a>, PR<br \/><a href=\".\/?page_id=102&var=1815\" title=\"Khaled ALMAKSOUR\">ALMAKSOUR Khaled<\/a>, MCF<br \/><a href=\".\/?page_id=102&var=8\" title=\"Moez BELHAOUANE\">BELHAOUANE Moez<\/a>, MCF<br \/><a href=\".\/?page_id=102&var=2388\" title=\"Ferreol BINOT\">BINOT Ferreol<\/a>, MCF<br \/><a href=\".\/?page_id=102&var=906\" title=\"Antoine BRUYERE\">BRUYERE Antoine<\/a>, MCF<br \/><a href=\".\/?page_id=102&var=27\" title=\"Arnaud DAVIGNY\">DAVIGNY Arnaud<\/a>, MCF<br \/><a href=\".\/?page_id=102&var=1820\" title=\"Benoit DURILLON\">DURILLON Benoit<\/a>, MCF<br \/><a href=\".\/?page_id=102&var=39\" title=\"Bruno FRANCOIS\">FRANCOIS Bruno<\/a>, PR<br \/><a href=\".\/?page_id=102&var=48\" title=\"Xavier GUILLAUD\">GUILLAUD Xavier<\/a>, PR<br \/><a href=\".\/?page_id=102&var=54\" title=\"Xavier KESTELYN\">KESTELYN Xavier<\/a>, PR<br \/><a href=\".\/?page_id=102&var=2722\" title=\"Abdul LATIF\">LATIF Abdul<\/a>, MCF<br \/><a href=\".\/?page_id=102&var=1819\" title=\"Martin LEGRY\">LEGRY Martin<\/a>, MCF<br \/><a href=\".\/?page_id=102&var=86\" title=\"Beno\u00eet ROBYNS\">ROBYNS Beno\u00eet<\/a>, PR<br \/><a href=\".\/?page_id=102&var=89\" title=\"Christophe SAUDEMONT\">SAUDEMONT Christophe<\/a>, MCF HDR<br \/><a href=\".\/?page_id=102&var=25\" title=\"Fr\u00e9d\u00e9ric COLAS\">COLAS Fr\u00e9d\u00e9ric<\/a>, Research engineer<br \/><a href=\".\/?page_id=102&var=1089\" title=\"Hicham FAKHAM\">FAKHAM Hicham<\/a>, Design engineer<br \/><a href=\".\/?page_id=102&var=1854\" title=\"Amandine LEPOUTRE\">LEPOUTRE Amandine<\/a>, Design engineer<br \/><a href=\".\/?page_id=102&var=2723\" title=\"Youssef LYOUSFI\">LYOUSFI Youssef<\/a>, Design engineer<br \/><a href=\".\/?page_id=102&var=1059\" title=\"Daniel MARIN\">MARIN Daniel<\/a>, Research engineer<br \/><a href=\".\/?page_id=102&var=2727\" title=\"Aude NANQUETTE\">NANQUETTE Aude<\/a>, Research engineer<br \/><a href=\".\/?page_id=102&var=2456\" title=\"Reza RAZI\">RAZI Reza<\/a>, Research engineer<br \/><a href=\".\/?page_id=102&var=1765\" title=\"Thomas ROILLET\">ROILLET Thomas<\/a>, Design engineer<br \/><a href=\".\/?page_id=102&var=1965\" title=\"Simon THOMY\">THOMY Simon<\/a>, Design engineer<br \/><\/p><p><strong>Post-PhD Student<\/strong><br \/><a href=\".\/?page_id=102&var=2755\" title=\"Youssef ALIDRISSI\">Youssef ALIDRISSI<\/a><br \/><a href=\".\/?page_id=102&var=2358\" title=\"Soufiane GHAFIRI\">Soufiane GHAFIRI<\/a><br \/><a href=\".\/?page_id=102&var=2714\" title=\"Miftah IRHOUMAH\">Miftah IRHOUMAH<\/a><br \/><a href=\".\/?page_id=102&var=1410\" title=\"Riad KADRI\">Riad KADRI<\/a><br \/><a href=\".\/?page_id=102&var=2726\" title=\"Morteza NAJAFI\">Morteza NAJAFI<\/a><br \/><a href=\".\/?page_id=102&var=2730\" title=\"Willy Magloire NKOUNGA\">Willy Magloire NKOUNGA<\/a><br \/><a href=\".\/?page_id=102&var=2740\" title=\"Juan SEPULVEDA\">Juan SEPULVEDA<\/a><br \/><\/p><p><strong>PhD Student<\/strong><br \/><a href=\".\/?page_id=102&var=2337\" title=\"Haider ALI\">Haider ALI<\/a><br \/><a href=\".\/?page_id=102&var=2472\" title=\"Amira DHORBANI\">Amira DHORBANI<\/a><br \/><a href=\".\/?page_id=102&var=2635\" title=\"Chlo\u00e9 DUPONT\">Chlo\u00e9 DUPONT<\/a><br \/><a href=\".\/?page_id=102&var=2412\" title=\"Mahamad EL IAALI\">Mahamad EL IAALI<\/a><br \/><a href=\".\/?page_id=102&var=2442\" title=\"Elie FAYAD\">Elie FAYAD<\/a><br \/><a href=\".\/?page_id=102&var=2642\" title=\"Eloi GRAVOT\">Eloi GRAVOT<\/a><br \/><a href=\".\/?page_id=102&var=2713\" title=\"Saeed HOSSEINNATAJ AGHAMOLKI\">Saeed HOSSEINNATAJ AGHAMOLKI<\/a><br \/><a href=\".\/?page_id=102&var=2641\" title=\"Anup JOSHI\">Anup JOSHI<\/a><br \/><a href=\".\/?page_id=102&var=2411\" title=\"Yorgo LABA\">Yorgo LABA<\/a><br \/><a href=\".\/?page_id=102&var=2729\" title=\"Jeanne NIYONTEZE\">Jeanne NIYONTEZE<\/a><br \/><a href=\".\/?page_id=102&var=2733\" title=\"Matheus PAZINI PEREIRA\">Matheus PAZINI PEREIRA<\/a><br \/><a href=\".\/?page_id=102&var=2735\" title=\"R\u00e9my PRIEUR\">R\u00e9my PRIEUR<\/a><br \/><a href=\".\/?page_id=102&var=2734\" title=\"Mohammed QASEM\">Mohammed QASEM<\/a><br \/><a href=\".\/?page_id=102&var=2473\" title=\"Mohammed-reda SAOUTHI\">Mohammed-reda SAOUTHI<\/a><br \/><a href=\".\/?page_id=102&var=2326\" title=\"Ghazala SHAFIQUE\">Ghazala SHAFIQUE<\/a><br \/><a href=\".\/?page_id=102&var=2474\" title=\"Mhamad SHMAYSANI\">Mhamad SHMAYSANI<\/a><br \/><a href=\".\/?page_id=102&var=2436\" title=\"Antonella TANNOUS\">Antonella TANNOUS<\/a><br \/><a href=\".\/?page_id=102&var=2655\" title=\"Chinmayi WAGH\">Chinmayi WAGH<\/a><br \/><a href=\".\/?page_id=102&var=2653\" title=\"Joey YOUSSEF\">Joey YOUSSEF<\/a><br \/><\/p>\n<p><!--\n\n\n<p align=\"left\"><span style=\"color: #f07e1c;\"><strong>Equipe\u00a0<\/strong><\/span><\/p>\n\n\nValentin ALBINET, Ing\u00e9nieur de recherche CDD\n<a title=\"frederic colas\" href=\"https:\/\/l2ep.univ-lille.fr\/?page_id=102&amp;var=25\">Fr\u00e9d\u00e9ric COLAS<\/a>,\u00a0Ing\u00e9nieur de Recherche\nHicham FACKHAM, Ing\u00e9nieur de recherche CDD\n<a title=\"bruno francois\" href=\"https:\/\/l2ep.univ-lille.fr\/?page_id=102&amp;var=39\">Bruno FRAN\u00c7OIS<\/a>, Professeur\n<a title=\"francois gruson\" href=\"https:\/\/l2ep.univ-lille.fr\/?page_id=102&amp;var=47\">Fran\u00e7ois GRUSON<\/a>,\u00a0Ma\u00eetre de Conf\u00e9rences\n<a title=\"xavier guillaud\" href=\"https:\/\/l2ep.univ-lille.fr\/?page_id=102&amp;var=48\">Xavier GUILLAUD<\/a>, Professeur\nAsma MERDASSI, Enseignant Chercheur\n<a title=\"fabien mollet\" href=\"https:\/\/l2ep.univ-lille.fr\/?page_id=102&amp;var=72\">Fabien MOLLET<\/a>, Ing\u00e9nieur de Recherche\n<a title=\"benoit robyns\" href=\"https:\/\/l2ep.univ-lille.fr\/?page_id=102&amp;var=86\">Beno\u00eet ROBYNS<\/a>, Professeur\n<a title=\"christophe saudemont\" href=\"https:\/\/l2ep.univ-lille.fr\/?page_id=102&amp;var=89\">Christophe SAUDEMONT<\/a>, Enseignant Chercheur (HDR)\n\n<strong>Post-doctorants<\/strong>\nSid Ali AMAMRA\nDiana FLOREZ RODRIGUEZ\nRiad KADRI\nDo MINH THANG\n\n<strong>Doctorants<\/strong>\nAnouar BOUALLAGA\nPetronela BUZILA\nH\u00e9loise DUTRIEUX\nHristiyan KANCHEV\nJ. LESEL\nPierre RAULT\nS.SAMIMI\nJ-C SWIERCZEK--><\/p>\n<p align=\"left\"><strong><span style=\"color: #f07e1c;\"><span style=\"font-size: medium; color: #f07e1c;\">Partnership<\/span><\/span><\/strong><\/p>\n<p><span style=\"color: #000000;\"><strong>Research programs : <\/strong>MEDEE, ANR, ADEME, H2020<\/span><br \/>\n<span style=\"color: #000000;\"><strong>Laboratories :\u00a0<\/strong><span lang=\"en-US\">Supergrid Institute, IRT Railenium, Sup\u00e9lec, G2elab, LEM<br \/>\n<\/span><strong>International relations :\u00a0<\/strong><span lang=\"en-US\">Portugal (IT Coimbra and ISEC at Coimbra), Tunisia (Ecole Nationale d\u2019Ing\u00e9nieurs of Sfax, Ecole Nationale d\u2019Ing\u00e9nieurs of Monastir), Iran (University of Kurdistan), Bulgaria (University of Sofia), Spain (UPC Barcelona), Belgium (KU Leuven, University of Liege, University of Mons), Norway (NTNU Trondheim), UK (University of Edimburgh).<\/span><\/span><\/p>\n","protected":false},"excerpt":{"rendered":"<p>Supervisor : Beno\u00eet ROBYNS benoit.robyns@hei.fr Ecole des Hautes Etudes d&rsquo;Ing\u00e9nieur 13, rue de Toul, 59046 Lille Cedex T\u00e9l\u00a0: +33 (0)3-28-38-48-58 &nbsp; &nbsp; &gt; News &gt; Developments &gt; Plate-forme &gt; Thesis Research Axis Reduction of carbon emissions is the main driver of the Power System Team. This research team looks for techno-economic solutions in electrical systems [&hellip;]<\/p>\n","protected":false},"author":3,"featured_media":0,"parent":197,"menu_order":9,"comment_status":"closed","ping_status":"closed","template":"","meta":[],"_links":{"self":[{"href":"https:\/\/l2ep.univ-lille.fr\/en\/wp-json\/wp\/v2\/pages\/575"}],"collection":[{"href":"https:\/\/l2ep.univ-lille.fr\/en\/wp-json\/wp\/v2\/pages"}],"about":[{"href":"https:\/\/l2ep.univ-lille.fr\/en\/wp-json\/wp\/v2\/types\/page"}],"author":[{"embeddable":true,"href":"https:\/\/l2ep.univ-lille.fr\/en\/wp-json\/wp\/v2\/users\/3"}],"replies":[{"embeddable":true,"href":"https:\/\/l2ep.univ-lille.fr\/en\/wp-json\/wp\/v2\/comments?post=575"}],"version-history":[{"count":119,"href":"https:\/\/l2ep.univ-lille.fr\/en\/wp-json\/wp\/v2\/pages\/575\/revisions"}],"predecessor-version":[{"id":9037,"href":"https:\/\/l2ep.univ-lille.fr\/en\/wp-json\/wp\/v2\/pages\/575\/revisions\/9037"}],"up":[{"embeddable":true,"href":"https:\/\/l2ep.univ-lille.fr\/en\/wp-json\/wp\/v2\/pages\/197"}],"wp:attachment":[{"href":"https:\/\/l2ep.univ-lille.fr\/en\/wp-json\/wp\/v2\/media?parent=575"}],"curies":[{"name":"wp","href":"https:\/\/api.w.org\/{rel}","templated":true}]}}