{"id":5742,"date":"2019-05-15T10:09:37","date_gmt":"2019-05-15T09:09:37","guid":{"rendered":"https:\/\/l2ep.univ-lille.fr\/?page_id=5742"},"modified":"2024-09-18T14:38:02","modified_gmt":"2024-09-18T13:38:02","slug":"mentions-legales","status":"publish","type":"page","link":"https:\/\/l2ep.univ-lille.fr\/en\/mentions-legales\/","title":{"rendered":"Mentions L\u00e9gales"},"content":{"rendered":"\n<h3><strong>Editeur<\/strong><\/h3>\n\n\n\n<p>Ce site est \u00e9dit\u00e9 par l&rsquo;Universit\u00e9 &nbsp;de Lille<br>42 rue Paul Duez<br>59000 Lille&nbsp;<br>Forme juridique : \u00e9tablissement public \u00e0 caract\u00e8re scientifique, culturel et professionnel&nbsp;<br>Adresse \u00e9lectronique : contact@univ-lille.fr<br>T\u00e9l. : &nbsp;+33 (0)3 62 26 82 10<\/p>\n\n\n\n<h3><strong>Directeur de la Publication<\/strong><\/h3>\n\n\n\n<p>Monsieur R\u00e9gis Bordet, Pr\u00e9sident de l&rsquo;Universit\u00e9 de Lille<\/p>\n\n\n\n<h3><strong>H\u00e9bergement du site<\/strong><\/h3>\n\n\n\n<p>Centre de Ressources Informatiques<br>Universit\u00e9 de Lille&nbsp;<br>Domaine universitaire du Pont de Bois, rue du Barreau&nbsp;<br>BP 60149,&nbsp;59653 Lille<\/p>\n\n\n\n<h3><strong>Conception \/ R\u00e9alisation<\/strong><\/h3>\n\n\n\n<p>Service communication<br>Direction des services informatiques<br>Direction de l&rsquo;innovation p\u00e9dagogique de l&rsquo;Universit\u00e9 de Lille<\/p>\n\n\n\n<h3><strong>Technologies utilis\u00e9es<\/strong><\/h3>\n\n\n\n<p>Syst\u00e8me de gestion de contenu WordPress 5.8.3<\/p>\n\n\n\n<h3><strong>Ligne \u00e9ditoriale<\/strong><\/h3>\n\n\n\n<p>Le service communication de l&rsquo;Universit\u00e9 de Lille<br>Webmestre : Abdelkader Benabou<\/p>\n\n\n\n<h3><strong>Droits d&rsquo;auteur et propri\u00e9t\u00e9 intellectuelle<\/strong><\/h3>\n\n\n\n<p>L&rsquo;ensemble de ce site rel\u00e8ve de la l\u00e9gislation fran\u00e7aise et internationale sur le droit d&rsquo;auteur et la propri\u00e9t\u00e9 intellectuelle. Tous les droits de reproduction sont r\u00e9serv\u00e9s.<br>La reproduction de tout ou partie de ce site sur un support \u00e9lectronique quel qu&rsquo;il soit est formellement interdite sauf autorisation expresse du directeur de la publication.<br>Les photographies, textes, dessins, images etc. prot\u00e9g\u00e9s par les droits de la propri\u00e9t\u00e9 intellectuelle sont la propri\u00e9t\u00e9 de L&rsquo;Universit\u00e9 de Lille ou de tiers ayant permis \u00e0 l&rsquo;Universit\u00e9 de Lille d&rsquo;en faire usage.<\/p>\n\n\n\n<h3><strong>Avertissement concernant les informations disponibles sur ce site<\/strong><\/h3>\n\n\n\n<p>L&rsquo;Universit\u00e9 de Lille s&rsquo;efforce d&rsquo;assurer au mieux de ses possibilit\u00e9s, l&rsquo;exactitude et la mise \u00e0 jour des informations diffus\u00e9es sur ce site, dont elle se r\u00e9serve le droit de corriger, \u00e0 tout moment et sans pr\u00e9avis, le contenu. Toutefois, L&rsquo;Universit\u00e9 de Lille ne peut garantir l&rsquo;exactitude, la pr\u00e9cision ou l&rsquo;exhaustivit\u00e9 des informations mises \u00e0 la disposition sur ce site. En cons\u00e9quence, L&rsquo;Universit\u00e9 de Lille d\u00e9cline toute responsabilit\u00e9 :<\/p>\n\n\n\n<p>&#8211; pour toute interruption du site<br>&#8211; survenance de bogues<br>&#8211; pour toute inexactitude ou omission portant sur des informations disponibles sur le site ;<br>&#8211; pour tous dommages r\u00e9sultant d&rsquo;une intrusion frauduleuse d&rsquo;un tiers ayant entra\u00een\u00e9 une modification des informations mises \u00e0 la disposition sur le site.<\/p>\n\n\n\n<h3><strong>Liens hypertextes<\/strong><\/h3>\n\n\n\n<p>Le site peut inclure des liens vers d&rsquo;autres sites Web ou d&rsquo;autres sources Internet. Dans la mesure o\u00f9 l&rsquo;Universit\u00e9 de Lille ne peut contr\u00f4ler ces sites et ces sources externes, elle ne peut \u00eatre tenue pour responsable de la mise \u00e0 disposition de ces sites et sources externes, et ne peut supporter aucune responsabilit\u00e9 quant au contenu, publicit\u00e9s, produits, services ou tout autre mat\u00e9riel disponible sur ou \u00e0 partir de ces sites ou sources externes. De plus, l&rsquo;Universit\u00e9 de Lille ne pourra \u00eatre tenu responsable de tous dommages ou pertes av\u00e9r\u00e9s ou all\u00e9gu\u00e9s cons\u00e9cutifs ou en relation avec l&rsquo;utilisation ou avec le fait d&rsquo;avoir fait confiance au contenu, \u00e0 des biens ou des services disponibles sur ces sites ou sources externes.<\/p>\n\n\n\n<h3><strong>Cookies \/ T\u00e9moins<\/strong><\/h3>\n\n\n\n<p>Les t\u00e9moins servent \u00e0 faciliter la navigation sur le site et \u00e0 rationaliser les proc\u00e9dures d&rsquo;enregistrement ou de mesure d&rsquo;audience. Les t\u00e9moins sont des fichiers texte plac\u00e9s sur le disque dur de votre ordinateur par un serveur de page Web. Votre ordinateur est sans doute configur\u00e9 pour accepter les t\u00e9moins. Vous pouvez cependant modifier ce param\u00e8tre pour qu&rsquo;il les refuse et l&rsquo;Universit\u00e9 de Lille vous sugg\u00e8re de le faire si l&rsquo;utilisation des t\u00e9moins vous inqui\u00e8te. Quand vous visitez ce site Web, pour chercher, lire ou t\u00e9l\u00e9charger de l&rsquo;information, l&rsquo;Universit\u00e9 de Lille recueille et conserve certains \u00ab\u00a0renseignements visiteur\u00a0\u00bb vous concernant, tels le nom du domaine et de l&rsquo;ordinateur h\u00f4te \u00e0 partir desquels vous allez sur Internet, l&rsquo;adresse du protocole Internet (IP) de l&rsquo;ordinateur que vous utilisez, la date et l&rsquo;heure de votre navigation sur ce site, et les URL \u00e0 partir desquelles vous \u00eates pass\u00e9 \u00e0 ce site. L&rsquo;Universit\u00e9 de Lille utilise cette information pour analyser et mesurer la fr\u00e9quentation de son site et pour travailler \u00e0 le rendre plus utile. L&rsquo;Universit\u00e9 de Lille d\u00e9truit cette information apr\u00e8s un certain temps. Si vous ne voulez pas que l&rsquo;Universit\u00e9 de Lille recueille ce genre d&rsquo;information, ne naviguez pas sur son site.<\/p>\n","protected":false},"excerpt":{"rendered":"<p>Editeur Ce site est \u00e9dit\u00e9 par l&rsquo;Universit\u00e9 &nbsp;de Lille42 rue Paul Duez59000 Lille&nbsp;Forme juridique : \u00e9tablissement public \u00e0 caract\u00e8re scientifique, culturel et professionnel&nbsp;Adresse \u00e9lectronique : contact@univ-lille.frT\u00e9l. : &nbsp;+33 (0)3 62 26 82 10 Directeur de la Publication Monsieur R\u00e9gis Bordet, Pr\u00e9sident de l&rsquo;Universit\u00e9 de Lille H\u00e9bergement du site Centre de Ressources InformatiquesUniversit\u00e9 de Lille&nbsp;Domaine universitaire [&hellip;]<\/p>\n","protected":false},"author":10,"featured_media":0,"parent":0,"menu_order":2,"comment_status":"closed","ping_status":"closed","template":"","meta":[],"_links":{"self":[{"href":"https:\/\/l2ep.univ-lille.fr\/en\/wp-json\/wp\/v2\/pages\/5742"}],"collection":[{"href":"https:\/\/l2ep.univ-lille.fr\/en\/wp-json\/wp\/v2\/pages"}],"about":[{"href":"https:\/\/l2ep.univ-lille.fr\/en\/wp-json\/wp\/v2\/types\/page"}],"author":[{"embeddable":true,"href":"https:\/\/l2ep.univ-lille.fr\/en\/wp-json\/wp\/v2\/users\/10"}],"replies":[{"embeddable":true,"href":"https:\/\/l2ep.univ-lille.fr\/en\/wp-json\/wp\/v2\/comments?post=5742"}],"version-history":[{"count":8,"href":"https:\/\/l2ep.univ-lille.fr\/en\/wp-json\/wp\/v2\/pages\/5742\/revisions"}],"predecessor-version":[{"id":8410,"href":"https:\/\/l2ep.univ-lille.fr\/en\/wp-json\/wp\/v2\/pages\/5742\/revisions\/8410"}],"wp:attachment":[{"href":"https:\/\/l2ep.univ-lille.fr\/en\/wp-json\/wp\/v2\/media?parent=5742"}],"curies":[{"name":"wp","href":"https:\/\/api.w.org\/{rel}","templated":true}]}}