{"id":568,"date":"2013-09-25T09:05:59","date_gmt":"2013-09-25T08:05:59","guid":{"rendered":"https:\/\/l2ep.univ-lille.fr\/?page_id=568"},"modified":"2026-02-11T10:04:57","modified_gmt":"2026-02-11T09:04:57","slug":"equipe-commande","status":"publish","type":"page","link":"https:\/\/l2ep.univ-lille.fr\/en\/groupes-de-recherche\/equipe-commande\/","title":{"rendered":"Control team"},"content":{"rendered":"<p><span style=\"color: #000000;\"><strong><a href=\"https:\/\/l2ep.univ-lille.fr\/wp-content\/uploads\/P2-m8-03.jpg\"><img loading=\"lazy\" class=\"alignleft size-thumbnail wp-image-783\" src=\"https:\/\/l2ep.univ-lille.fr\/wp-content\/uploads\/P2-m8-03-150x150.jpg\" alt=\"equipe commande\" width=\"150\" height=\"150\" \/><\/a>Supervisor<\/strong> <\/span>: <strong><span style=\"color: #f07e1c;\"><a title=\"Alain Bouscayrol\" href=\"https:\/\/l2ep.univ-lille.fr\/?page_id=102&amp;var=12\"><span style=\"color: #f07e1c;\">Alain BOUSCAYROL<\/span><\/a><\/span><span style=\"color: #f07e1c;\"><br \/>\n<\/span><\/strong><span style=\"color: #333333;\"><a href=\"mailto:alain.bouscayrol@univ-lille.fr\" target=\"_parent\"><span style=\"color: #333333;\">Alain.Bouscayrol@univ-lille.fr<\/span><\/a><\/span><span style=\"color: #333333;\"><span style=\"color: #333333;\"><br \/>\nL2EP, B\u00e2timent P2<br \/>\nCit\u00e9 Scientifique \u2013 Universit\u00e9 Lille 1<br \/>\n59655 Villeneuve d\u2019Ascq<br \/>\nT\u00e9l : +33 (0)3-20-43-42-53<br \/>\n<\/span><\/span><\/p>\n<p>&nbsp;<\/p>\n<p>&nbsp;<\/p>\n<p><strong><span style=\"color: #f07e1c;\"><span style=\"color: #000000;\">&gt; <\/span><span style=\"color: #000000;\"><a title=\"actus commande\" href=\"https:\/\/l2ep.univ-lille.fr\/?cat=11\"><span style=\"color: #000000;\">News<\/span><\/a><\/span><br \/>\n<span style=\"color: #000000;\">&gt; <a title=\"d\u00e9veloppements \u00e9quipe commande\" href=\"https:\/\/l2ep.univ-lille.fr\/en\/groupes-de-recherche\/equipe-commande\/developpements-2\/\"><span style=\"color: #000000;\">Developments<\/span><\/a><\/span><br \/>\n<span style=\"color: #000000;\"> &gt; <a title=\"REM\" href=\"http:\/\/www.emrwebsite.org\/\" target=\"_blank\" rel=\"noopener\"><span style=\"color: #000000;\">EMR<\/span><\/a><\/span><br \/>\n<span style=\"color: #000000;\"> &gt; <a title=\"formalisme vectoriel g\u00e9n\u00e9ralis\u00e9\" href=\"https:\/\/l2ep.univ-lille.fr\/en\/groupes-de-recherche\/equipe-commande\/developpements\/\"><span style=\"color: #000000;\">GVF<\/span><\/a><\/span><br \/>\n<span style=\"color: #000000;\">&gt; <\/span><span style=\"color: #000000;\"><a title=\"theses equipe commande\" href=\"https:\/\/l2ep.univ-lille.fr\/?page_id=2368\"><span style=\"color: #000000;\">Thesis<\/span><\/a><\/span><\/span><\/strong><\/p>\n<p>&nbsp;<\/p>\n<p><span style=\"color: #f07e1c;\"><strong><strong><span style=\"font-size: medium; color: #f07e1c;\">Research Axis<\/span><\/strong><\/strong><\/span><\/p>\n<p style=\"text-align: justify;\">The Control team is focused on the development of formalisms of Modelling and Control dedicated to the energy conversion systems. The\u00a0<span style=\"color: #000000;\"><a title=\"site emr\" href=\"http:\/\/www.emrwebsite.org\" target=\"_blank\" rel=\"noopener\"><strong><span style=\"color: #f07e1c;\">Energetic Macroscopic Representation (EMR)<\/span><\/strong><\/a><\/span> and the\u00a0<span style=\"color: #000000;\"><strong><a title=\"formalisme vectoriel generalise FVG\" href=\"https:\/\/l2ep.univ-lille.fr\/?page_id=868&amp;lang=en\"><span style=\"color: #f07e1c;\">Vectorial Generalized Formalism (FVG)<\/span><\/a>\u00a0<\/strong><\/span>are multi-physic formalisms which allow to handle a wide field of applications, which focuses at present on the embedded electrical devices, the multiphase drives, the piezo-electric actuators and the electrified vehicles.<\/p>\n<p style=\"text-align: justify;\"><span lang=\"en-US\">The Control team leads the\u00a0<\/span><span style=\"color: #000000;\"><a title=\"megevh\" href=\"https:\/\/l2ep.univ-lille.fr\/megevh\/\" target=\"_blank\" rel=\"noopener\"><strong><span style=\"color: #f07e1c;\">MEGEVH<\/span><\/strong> <\/a><\/span> network (Energetic Management and Modelling of Hybrid Vehicle, Prof A. Bouscayrol responsible). T<span style=\"text-align: justify;\">he Control team also leads the <\/span><span style=\"color: #000000;\"><a title=\"stimtac\" href=\"https:\/\/l2ep.univ-lille.fr\/en\/groupes-de-recherche\/equipe-commande\/projet-stimtac\/\"><strong><span style=\"color: #f07e1c;\">STIMTAC<\/span><\/strong><\/a><\/span><span style=\"text-align: justify;\"> project of the IRCICA for the development and control of\u00a0<\/span><span lang=\"en-US\">tactile feedback devices. This activity is involved in the CNRS cluster <strong><span style=\"color: #f07e1c;\">TACT<\/span><\/strong> (Touch sense: analysis, simulation and evaluation, Prof B. Lemaire-Semail responsible).<\/span><\/p>\n<p style=\"text-align: justify;\">The Control team works in close collaboration with international academic partners. An Associate International Laboratory, \u00ab\u00a0e-Campus\u00a0\u00bb has been created between University of Lille and University Qu\u00e9bec Trois Rivi\u00e8res to study electro-mobility applied on university campus.<\/p>\n<p><a href=\"https:\/\/l2ep.univ-lille.fr\/en\/groupes-de-recherche\/equipe-commande\/programme-cumin\/\"><strong><span style=\"color: #f07e1c;\">CUMIN Program<\/span><\/strong><\/a><\/p>\n<p><strong><span style=\"color: #f07e1c;\"><strong><span style=\"font-size: medium; color: #f07e1c;\">Keywords<\/span><\/strong><\/span><\/strong><br \/>\nCausal modelling, inversion-based control, electric drives, piezo-electric actuators, hybrid electric vehicles, multi-phase drives<\/p>\n<p><p align=\"left\"><strong><span style=\"font-size: medium; color: #f07e1c;\">Team&nbsp;<\/span><\/strong><\/p><p><a href=\".\/?page_id=102&var=12\" title=\"Alain BOUSCAYROL\">BOUSCAYROL Alain<\/a>, PR<br \/><a href=\".\/?page_id=102&var=29\" title=\"Philippe DELARUE\">DELARUE Philippe<\/a>, MCF<br \/><a href=\".\/?page_id=102&var=1725\" title=\"Ronan GERMAN\">GERMAN Ronan<\/a>, MCF<br \/><a href=\".\/?page_id=102&var=44\" title=\"Fr\u00e9d\u00e9ric GIRAUD\">GIRAUD Fr\u00e9d\u00e9ric<\/a>, PR<br \/><a href=\".\/?page_id=102&var=45\" title=\"Christophe GIRAUD-AUDINE\">GIRAUD-AUDINE Christophe<\/a>, PR<br \/><a href=\".\/?page_id=102&var=60\" title=\"Betty LEMAIRE-SEMAIL\">LEMAIRE-SEMAIL Betty<\/a>, PR<br \/><a href=\".\/?page_id=102&var=63\" title=\"Walter LHOMME\">LHOMME Walter<\/a>, MCF HDR<br \/><a href=\".\/?page_id=102&var=67\" title=\"Cl\u00e9ment MAYET\">MAYET Cl\u00e9ment<\/a>, MCF<br \/><a href=\".\/?page_id=102&var=78\" title=\"Ngac Ky NGUYEN\">NGUYEN Ngac Ky<\/a>, MCF HDR<br \/><a href=\".\/?page_id=102&var=91\" title=\"Eric SEMAIL\">SEMAIL Eric<\/a>, PR<br \/><a href=\".\/?page_id=102&var=2086\" title=\"Diana Angelica TORRES GUZMAN\">TORRES GUZMAN Diana Angelica<\/a>, MCF<br \/><a href=\".\/?page_id=102&var=2701\" title=\"Jean-Luc BRUYELLE\">BRUYELLE Jean-Luc<\/a>, Research engineer<br \/><a href=\".\/?page_id=102&var=2674\" title=\"Kossi messan boris EPEY\">EPEY Kossi messan boris<\/a>, Design engineer<br \/><a href=\".\/?page_id=102&var=2715\" title=\"Lucie JUNCKER\">JUNCKER Lucie<\/a>, Design engineer<br \/><a href=\".\/?page_id=102&var=1854\" title=\"Amandine LEPOUTRE\">LEPOUTRE Amandine<\/a>, Design engineer<br \/><a href=\".\/?page_id=102&var=2727\" title=\"Aude NANQUETTE\">NANQUETTE Aude<\/a>, Research engineer<br \/><a href=\".\/?page_id=102&var=1965\" title=\"Simon THOMY\">THOMY Simon<\/a>, Design engineer<br \/><\/p><p><strong>Post-PhD Student<\/strong><br \/><a href=\".\/?page_id=102&var=2413\" title=\"Taha AJNADA\">Taha AJNADA<\/a><br \/><a href=\".\/?page_id=102&var=2230\" title=\"Ayoub AROUA\">Ayoub AROUA<\/a><br \/><a href=\".\/?page_id=102&var=2698\" title=\"G\u00e9rard Habachi BILAL\">G\u00e9rard Habachi BILAL<\/a><br \/><a href=\".\/?page_id=102&var=2705\" title=\"Bibaswan BOSE\">Bibaswan BOSE<\/a><br \/><\/p><p><strong>PhD Student<\/strong><br \/><a href=\".\/?page_id=102&var=2675\" title=\"Ali ALHAKIM\">Ali ALHAKIM<\/a><br \/><a href=\".\/?page_id=102&var=2706\" title=\"Martin CHAUD\">Martin CHAUD<\/a><br \/><a href=\".\/?page_id=102&var=2394\" title=\"Salma FADILI\">Salma FADILI<\/a><br \/><a href=\".\/?page_id=102&var=2408\" title=\"Gabriel GODART\">Gabriel GODART<\/a><br \/><a href=\".\/?page_id=102&var=2395\" title=\"Youxi HUANG\">Youxi HUANG<\/a><br \/><a href=\".\/?page_id=102&var=2805\" title=\"Ervan KORCZYNSKI\">Ervan KORCZYNSKI<\/a><br \/><a href=\".\/?page_id=102&var=2671\" title=\"Kaoutar LAKLAOUI\">Kaoutar LAKLAOUI<\/a><br \/><a href=\".\/?page_id=102&var=2676\" title=\"Margaux LEHUT J\u00c9HU\">Margaux LEHUT J\u00c9HU<\/a><br \/><a href=\".\/?page_id=102&var=2487\" title=\"Cyril MICHEL\">Cyril MICHEL<\/a><br \/><a href=\".\/?page_id=102&var=2232\" title=\"Alla NDIAYE\">Alla NDIAYE<\/a><br \/><a href=\".\/?page_id=102&var=2360\" title=\"Mondher OUARI\">Mondher OUARI<\/a><br \/><a href=\".\/?page_id=102&var=2732\" title=\"Sandeep Kumar PANDEY\">Sandeep Kumar PANDEY<\/a><br \/><a href=\".\/?page_id=102&var=2644\" title=\"Swapnil REVANKAR\">Swapnil REVANKAR<\/a><br \/><a href=\".\/?page_id=102&var=2736\" title=\"Ali SALLOUKH\">Ali SALLOUKH<\/a><br \/><a href=\".\/?page_id=102&var=2004\" title=\"Florian TOURNEZ\">Florian TOURNEZ<\/a><br \/><a href=\".\/?page_id=102&var=2742\" title=\"Junyuan YU\">Junyuan YU<\/a><br \/><a href=\".\/?page_id=102&var=2334\" title=\"Wenjing ZHANG\">Wenjing ZHANG<\/a><br \/><\/p><p><strong>Docteur<\/strong><br \/><a href=\".\/?page_id=102&var=2697\" title=\"Ridha BENADLI\">Ridha BENADLI<\/a><br \/><\/p><p><strong>ATER<\/strong><br \/><a href=\".\/?page_id=102&var=2699\" title=\"Zina BOUGATEF\">Zina BOUGATEF<\/a><br \/><\/p><!--<span style=\"color: #f07e1c;\"><strong>Team<\/strong><\/span>\n\n<a title=\"alain bouscayrol\" href=\"https:\/\/l2ep.univ-lille.fr\/?page_id=102&amp;var=12\">Alain BOUSCAYROL<\/a>, Professor\n<a title=\"FREDERIC GIRAUD\" href=\"https:\/\/l2ep.univ-lille.fr\/?page_id=102&amp;var=44\">Fr\u00e9d\u00e9ric GIRAUD<\/a>, Associate Professor\n<a title=\"CHRISTOPHE GIRAUD AUDINE\" href=\"https:\/\/l2ep.univ-lille.fr\/?page_id=102&amp;var=45\">Christophe GIRAUD-AUDINE<\/a>, Associate Professor\n<a title=\"XAVIER KESTELYN\" href=\"https:\/\/l2ep.univ-lille.fr\/?page_id=102&amp;var=54\">Xavier KESTELYN<\/a>, Professor\n<a title=\"BETTY SEMAIL\" href=\"https:\/\/l2ep.univ-lille.fr\/?page_id=102&amp;var=60\">Betty LEMAIRE-SEMAIL<\/a>, Professor\n<a title=\"WALTER LHOMME\" href=\"https:\/\/l2ep.univ-lille.fr\/?page_id=102&amp;var=63\">Walter LHOMME<\/a>, Associate Professor\n<a title=\"NGAC KY NGUYEN\" href=\"https:\/\/l2ep.univ-lille.fr\/?page_id=102&amp;var=78\">Ngac-ky NGUYEN<\/a>, Associate Professor\n<a title=\"ERIC SEMAIL\" href=\"https:\/\/l2ep.univ-lille.fr\/?page_id=102&amp;var=91\">Eric SEMAIL<\/a>, Professor\n\n<a title=\"Michel AMBERG\" href=\"https:\/\/l2ep.univ-lille.fr\/?page_id=102&amp;var=4\">Michel AMBERG<\/a>, Research Engineer\n\n<strong>Post-doctorate<\/strong>\nThanh Hung NGUYEN\nMohamed TRABELSI\n\n<strong>Engineers<\/strong>\nIlyes DEKIK\nOleg GOMOZOV\n\n<strong>PhD students<\/strong>\nWael BEN MESSAOUD (co-supervised with Universit\u00e9 Haute Alsace)\nAli CASTAINGS (co-supervised with IFSTTAR-LTE)\nCl\u00e9ment DEPATURE (co-supervised with Universit\u00e9 Trois-Rivi\u00e8res)\nTiago DOS SANTOS MORAES (collaboration Thales)\nOusmane FALL (co-supervised with IRENav)\nSofiane GHENNA\nLudovic HORREIN (collaboration PSA)\nFarzan KALANTARI (co-supervised with laboratoire CRIStAL\/Universit\u00e9 Lille1)\nCl\u00e9ment MAYET (collaboration Siemens)\nThomas SEDNAOUI (collaboration ST-Microelectronics)\nTian TIAN (co-supervised with LSIS\/ENSAM)\nEric VEZZOLI\nYe YANG\nHussein ZAHR (co-supervised with IRENav)--><\/p>\n<p><strong><span style=\"color: #f07e1c;\"><strong><span style=\"font-size: medium; color: #f07e1c;\">Partnership<\/span><\/strong><\/span><\/strong><\/p>\n<p><strong>Research programs<\/strong> : STIMTAC, MEGEVH, GdR TACT<br \/>\n<strong>Local laboratories<\/strong> : CRISTAL, IEMN, IRCICA, TVES<br \/>\n<strong>Laboratories from others areas<\/strong> : LTE-IFSTTAR, FEMTO-ST, Laplace, CEA-List, IRENav, LPMT Mulhouse, LCFC Metz<br \/>\n<strong>Industries<\/strong> : Nexter System, PSA peugeot Citroen, Siemens, SNCF, Thales,Hap2U, GoTouchVr<br \/>\n<strong>International relations<\/strong> : Argentina (Rio Cuarto University), Belgium (Gent University, Louvain-Brussels University), Canada (Trois Rivi\u00e8res and Sherbrooke Universities), China (Beihang University and Harbin Inst. of Tech.,University of Shandong), Netherlands (Eindhoven Tech. University), Japan (Saitama University), Netherlands (Eindhoven University), Spain (Sevilla University), Switzerland (EPFL Ecole Polytechnique Lausanne), United-Kingdom (University of Birmingham)<\/p>\n","protected":false},"excerpt":{"rendered":"<p>Supervisor : Alain BOUSCAYROL Alain.Bouscayrol@univ-lille.fr L2EP, B\u00e2timent P2 Cit\u00e9 Scientifique \u2013 Universit\u00e9 Lille 1 59655 Villeneuve d\u2019Ascq T\u00e9l : +33 (0)3-20-43-42-53 &nbsp; &nbsp; &gt; News &gt; Developments &gt; EMR &gt; GVF &gt; Thesis &nbsp; Research Axis The Control team is focused on the development of formalisms of Modelling and Control dedicated to the energy conversion [&hellip;]<\/p>\n","protected":false},"author":3,"featured_media":0,"parent":197,"menu_order":2,"comment_status":"closed","ping_status":"closed","template":"","meta":[],"_links":{"self":[{"href":"https:\/\/l2ep.univ-lille.fr\/en\/wp-json\/wp\/v2\/pages\/568"}],"collection":[{"href":"https:\/\/l2ep.univ-lille.fr\/en\/wp-json\/wp\/v2\/pages"}],"about":[{"href":"https:\/\/l2ep.univ-lille.fr\/en\/wp-json\/wp\/v2\/types\/page"}],"author":[{"embeddable":true,"href":"https:\/\/l2ep.univ-lille.fr\/en\/wp-json\/wp\/v2\/users\/3"}],"replies":[{"embeddable":true,"href":"https:\/\/l2ep.univ-lille.fr\/en\/wp-json\/wp\/v2\/comments?post=568"}],"version-history":[{"count":181,"href":"https:\/\/l2ep.univ-lille.fr\/en\/wp-json\/wp\/v2\/pages\/568\/revisions"}],"predecessor-version":[{"id":9033,"href":"https:\/\/l2ep.univ-lille.fr\/en\/wp-json\/wp\/v2\/pages\/568\/revisions\/9033"}],"up":[{"embeddable":true,"href":"https:\/\/l2ep.univ-lille.fr\/en\/wp-json\/wp\/v2\/pages\/197"}],"wp:attachment":[{"href":"https:\/\/l2ep.univ-lille.fr\/en\/wp-json\/wp\/v2\/media?parent=568"}],"curies":[{"name":"wp","href":"https:\/\/api.w.org\/{rel}","templated":true}]}}