{"id":3412,"date":"2015-04-06T12:49:58","date_gmt":"2015-04-06T11:49:58","guid":{"rendered":"https:\/\/l2ep.univ-lille.fr\/?page_id=3412"},"modified":"2015-04-06T12:49:58","modified_gmt":"2015-04-06T11:49:58","slug":"moyens-de-calcul","status":"publish","type":"page","link":"https:\/\/l2ep.univ-lille.fr\/en\/groupes-de-recherche\/equipe-omn\/moyens-de-calcul\/","title":{"rendered":"Moyens de calcul"},"content":{"rendered":"<h3><span style=\"color: #f07e1c;\"><strong>Le Cluster de Calcul<\/strong><\/span><\/h3>\n<p>Le laboratoire L2EP dispose de moyens de calcul importants gr\u00e2ce \u00e0 un\u00a0<strong>cluster<\/strong>\u00a0sur lequel sont notamment install\u00e9s\u00a0<strong>la plateforme Salom\u00e9, Code Carmel et Matlab.<\/strong><\/p>\n<p style=\"text-align: justify;\"><a href=\"https:\/\/l2ep.univ-lille.fr\/wp-content\/uploads\/cluster-de-calcul.jpg\"><img loading=\"lazy\" class=\"alignleft  wp-image-2617\" alt=\"cluster equipe modelisation\" src=\"https:\/\/l2ep.univ-lille.fr\/wp-content\/uploads\/cluster-de-calcul-199x300.jpg\" width=\"159\" height=\"240\" srcset=\"https:\/\/l2ep.univ-lille.fr\/wp-content\/uploads\/cluster-de-calcul-199x300.jpg 199w, https:\/\/l2ep.univ-lille.fr\/wp-content\/uploads\/cluster-de-calcul.jpg 461w\" sizes=\"(max-width: 159px) 100vw, 159px\" \/><\/a><\/p>\n<p>&nbsp;<\/p>\n<p style=\"text-align: justify;\"><span style=\"color: #000000;\"><strong>Voici les principales caract\u00e9ristiques du cluster :<\/strong><\/span><\/p>\n<p style=\"text-align: justify;\">&gt; 13 n\u0153uds<br \/>\n&gt; 102 processeur<br \/>\n&gt; 1 GPU<br \/>\n&gt; 400 Go RAM<br \/>\n&gt; 4 T de disques<\/p>\n<p>&nbsp;<\/p>\n<p>&nbsp;<\/p>\n<p>&nbsp;<\/p>\n<p>&nbsp;<\/p>\n<p>&nbsp;<\/p>\n<p style=\"text-align: left;\"><a href=\"https:\/\/l2ep.univ-lille.fr\/wp-content\/uploads\/fenete-de-controle-du-cluster.jpg\"><img loading=\"lazy\" class=\"aligncenter size-medium wp-image-2632\" alt=\"cluster de calcul\" src=\"https:\/\/l2ep.univ-lille.fr\/wp-content\/uploads\/fenete-de-controle-du-cluster-300x244.jpg\" width=\"300\" height=\"244\" srcset=\"https:\/\/l2ep.univ-lille.fr\/wp-content\/uploads\/fenete-de-controle-du-cluster-300x244.jpg 300w, https:\/\/l2ep.univ-lille.fr\/wp-content\/uploads\/fenete-de-controle-du-cluster.jpg 933w\" sizes=\"(max-width: 300px) 100vw, 300px\" \/><\/a><em>\u00a0 \u00a0 \u00a0 \u00a0 \u00a0 \u00a0 \u00a0 \u00a0 \u00a0 \u00a0 \u00a0 \u00a0 \u00a0 \u00a0 \u00a0 \u00a0 \u00a0 \u00a0 \u00a0 \u00a0 \u00a0 \u00a0 \u00a0 \u00a0 \u00a0 \u00a0 \u00a0 \u00a0 \u00a0 \u00a0 \u00a0 \u00a0 \u00a0 \u00a0 \u00a0 \u00a0 \u00a0 \u00a0 \u00a0Fen\u00eatre de contr\u00f4le du cluster de calcul<\/em><\/p>\n","protected":false},"excerpt":{"rendered":"<p>Le Cluster de Calcul Le laboratoire L2EP dispose de moyens de calcul importants gr\u00e2ce \u00e0 un\u00a0cluster\u00a0sur lequel sont notamment install\u00e9s\u00a0la plateforme Salom\u00e9, Code Carmel et Matlab. &nbsp; Voici les principales caract\u00e9ristiques du cluster : &gt; 13 n\u0153uds &gt; 102 processeur &gt; 1 GPU &gt; 400 Go RAM &gt; 4 T de disques &nbsp; &nbsp; &nbsp; [&hellip;]<\/p>\n","protected":false},"author":3,"featured_media":0,"parent":3386,"menu_order":4,"comment_status":"closed","ping_status":"closed","template":"","meta":[],"_links":{"self":[{"href":"https:\/\/l2ep.univ-lille.fr\/en\/wp-json\/wp\/v2\/pages\/3412"}],"collection":[{"href":"https:\/\/l2ep.univ-lille.fr\/en\/wp-json\/wp\/v2\/pages"}],"about":[{"href":"https:\/\/l2ep.univ-lille.fr\/en\/wp-json\/wp\/v2\/types\/page"}],"author":[{"embeddable":true,"href":"https:\/\/l2ep.univ-lille.fr\/en\/wp-json\/wp\/v2\/users\/3"}],"replies":[{"embeddable":true,"href":"https:\/\/l2ep.univ-lille.fr\/en\/wp-json\/wp\/v2\/comments?post=3412"}],"version-history":[{"count":1,"href":"https:\/\/l2ep.univ-lille.fr\/en\/wp-json\/wp\/v2\/pages\/3412\/revisions"}],"predecessor-version":[{"id":3413,"href":"https:\/\/l2ep.univ-lille.fr\/en\/wp-json\/wp\/v2\/pages\/3412\/revisions\/3413"}],"up":[{"embeddable":true,"href":"https:\/\/l2ep.univ-lille.fr\/en\/wp-json\/wp\/v2\/pages\/3386"}],"wp:attachment":[{"href":"https:\/\/l2ep.univ-lille.fr\/en\/wp-json\/wp\/v2\/media?parent=3412"}],"curies":[{"name":"wp","href":"https:\/\/api.w.org\/{rel}","templated":true}]}}