{"id":3386,"date":"2015-04-05T18:36:58","date_gmt":"2015-04-05T17:36:58","guid":{"rendered":"https:\/\/l2ep.univ-lille.fr\/?page_id=3386"},"modified":"2026-02-11T10:06:27","modified_gmt":"2026-02-11T09:06:27","slug":"equipe-omn","status":"publish","type":"page","link":"https:\/\/l2ep.univ-lille.fr\/en\/groupes-de-recherche\/equipe-omn\/","title":{"rendered":"Numerical Tools and Methods"},"content":{"rendered":"<p><strong><a href=\"https:\/\/l2ep.univ-lille.fr\/wp-content\/uploads\/modelisation-P2.jpg\"><img loading=\"lazy\" class=\"alignleft size-thumbnail wp-image-1148\" src=\"https:\/\/l2ep.univ-lille.fr\/wp-content\/uploads\/modelisation-P2-150x150.jpg\" alt=\"cluster de calcul\" width=\"150\" height=\"150\" \/><\/a>Supervisor<\/strong>\u00a0: <strong><span style=\"color: #f07e1c;\"><a title=\"Abdelmounaim Tounzi\" href=\"https:\/\/l2ep.univ-lille.fr\/?page_id=102&amp;var=96\"><span style=\"color: #f07e1c;\">Abdelmounaim TOUNZI<\/span><\/a><\/span><br \/>\n<\/strong><span style=\"color: #333333;\"><a href=\"mailto:abdelmounaim.tounzi@univ-lille.fr\"><span style=\"color: #333333;\">abdelmounaim.tounzi@univ-lille.fr<\/span><\/a><\/span><br \/>\nL2EP, B\u00e2timent P2<br \/>\nCit\u00e9 Scientifique &#8211; Universit\u00e9 Lille 1<br \/>\n59655 Villeneuve d&rsquo;Ascq<br \/>\nT\u00e9l : +33\u00a00)3-20-43-49-06<\/p>\n<p>&nbsp;<\/p>\n<p>&nbsp;<\/p>\n<p><strong><span style=\"color: #000000;\"><a title=\"actus OMN\" href=\"https:\/\/l2ep.univ-lille.fr\/?cat=34\">&gt; News\u00a0<\/a><\/span><\/strong><br \/>\n<strong><span style=\"color: #000000;\"><a href=\"https:\/\/l2ep.univ-lille.fr\/?page_id=4715\">&gt; Seminars<\/a><\/span><\/strong><br \/>\n<strong><span><a title=\"D\u00e9veloppements Equipe OMN\" href=\"https:\/\/l2ep.univ-lille.fr\/en\/groupes-de-recherche\/equipe-omn\/developpements-scientifiques\/\">&gt; Developments<\/a><\/span><\/strong><br \/>\n<strong><span><\/span><\/strong><strong><span><a title=\"Page web code_Carmel\" href=\"http:\/\/code-carmel.univ-lille.fr\/\" target=\"_blank\" rel=\"noopener\">&gt; Code Carmel<\/a><\/span><\/strong><br \/>\n<strong><span><\/span><\/strong><strong><span><a title=\"Plateforme Sophemis\" href=\"http:\/\/optimisation.l2ep.ec-lille.fr\/\" target=\"_blank\" rel=\"noopener\">&gt; Sophemis platform<\/a><\/span><\/strong><br \/>\n<strong><span><a title=\"Caract\u00e9risation mat\u00e9riaux\" href=\"https:\/\/l2ep.univ-lille.fr\/en\/groupes-de-recherche\/equipe-omn\/caracterisation-materiaux\/\">&gt; Materials characterization<\/a><\/span><\/strong><br \/>\n<strong><span><a title=\"Th\u00e8ses Equipe OMN\" href=\"https:\/\/l2ep.univ-lille.fr\/?page_id=3404\">&gt; Thesis<\/a><\/span><\/strong><\/p>\n<p><strong><span style=\"font-size: medium; color: #f07e1c;\">Research Axis<\/span><\/strong><\/p>\n<p style=\"text-align: justify;\">The team <strong><span style=\"color: #f07e1c;\"><span style=\"color: #f07e1c;\">Numerical Tools and Methods<\/span><\/span><\/strong> works on the development of numerical models and effective methodologies aimed to the optimal design and study of electromagnetic devices within their environment.<\/p>\n<p>Among the topics covered, we can quote :<\/p>\n<ul>\n<li style=\"text-align: justify;\">Characterization and modelling of the electromagnetic behaviour of magnetic materials while taking account for the impact of manufacturing processes.<\/li>\n<li style=\"text-align: justify;\">Development of models of various granularities (finite elements, reluctance networks, response surfaces &#8230; etc)<\/li>\n<li>Development and implementation of advanced numerical methods to reduce computation time (error estimation, order model reduction&#8230;)<\/li>\n<li style=\"text-align: justify;\">Coupling between different physical models with distinct time constants<\/li>\n<li style=\"text-align: justify;\">Taking into account the variability of the input quantities in order to evaluate the dispersion on the quantities of interest (quantification of uncertainties).<\/li>\n<li style=\"text-align: justify;\">Development of multi-disciplinary, multi-level, multi-scale optimization methodologies as well as the development of optimization strategies.<\/li>\n<li style=\"text-align: justify;\">Optimal design of electrical machines including multi-physics issues such as noise and vibration but also the integration of the operating cycle.<\/li>\n<li style=\"text-align: justify;\">Study of healthy and faulty electromagnetic devices for diagnostic purposes.<\/li>\n<\/ul>\n<p style=\"text-align: justify;\">The results of the work developed are capitalized in a software platform which includes the<a href=\"http:\/\/optimisation.l2ep.ec-lille.fr\/\" style=\"text-align: justify;\"><strong> <span style=\"color: #f07e1c;\">Soph\u00e9mis<\/span> <\/strong><\/a><span style=\"text-align: justify;\">optimization code and <\/span><a href=\"http:\/\/code-carmel.univ-lille.fr\/\" style=\"text-align: justify;\"><strong><span style=\"color: #f07e1c;\">code_Carmel<\/span><\/strong><\/a><span style=\"text-align: justify;\"> finite element code.\u00a0<\/span><span style=\"text-align: justify;\">The latter is co-developed in collaboration with EDF Lab within the framework of the joint LAMEL laboratory.<\/span><\/p>\n<p><strong><span style=\"font-size: medium; color: #f07e1c;\">Key words<\/span><\/strong><\/p>\n<p style=\"text-align: justify;\">3D finite elements, characterization and modelling of magnetic materials, quantification of uncertainties, order model reduction, error estimation, optimization design, methodologies and optimization strategies, electrical machines within their environment, electromagnetic diagnosis, multi-objective optimization, multi-level, multi-physics and multi-granularity, operating cycle.<\/p>\n<p align=\"left\"><strong><span style=\"font-size: medium; color: #f07e1c;\">Team&nbsp;<\/span><\/strong><\/p><p><a href=\".\/?page_id=102&var=10\" title=\"Abdelkader BENABOU\">BENABOU Abdelkader<\/a>, PR<br \/><a href=\".\/?page_id=102&var=13\" title=\"St\u00e9phane BRISSET\">BRISSET St\u00e9phane<\/a>, PR<br \/><a href=\".\/?page_id=102&var=24\" title=\"St\u00e9phane CLENET\">CLENET St\u00e9phane<\/a>, PR<br \/><a href=\".\/?page_id=102&var=2803\" title=\"Sara FAWAZ\">FAWAZ Sara<\/a>, MCF<br \/><a href=\".\/?page_id=102&var=42\" title=\"Fr\u00e9d\u00e9ric GILLON\">GILLON Fr\u00e9d\u00e9ric<\/a>, PR<br \/><a href=\".\/?page_id=102&var=1168\" title=\"Fr\u00e9d\u00e9ric GUYOMARCH\">GUYOMARCH Fr\u00e9d\u00e9ric<\/a>, MCF<br \/><a href=\".\/?page_id=102&var=50\" title=\"Michel HECQUET\">HECQUET Michel<\/a>, PR<br \/><a href=\".\/?page_id=102&var=51\" title=\"Thomas HENNERON\">HENNERON Thomas<\/a>, MCF<br \/><a href=\".\/?page_id=102&var=56\" title=\"Julien KORECKI\">KORECKI Julien<\/a>, MCF<br \/><a href=\".\/?page_id=102&var=58\" title=\"Yvonnick LE MENACH\">LE MENACH Yvonnick<\/a>, PR<br \/><a href=\".\/?page_id=102&var=2082\" title=\"Oualid MESSAL\">MESSAL Oualid<\/a>, MCF<br \/><a href=\".\/?page_id=102&var=93\" title=\"Zuqi TANG\">TANG Zuqi<\/a>, MCF HDR<br \/><a href=\".\/?page_id=102&var=96\" title=\"Abdelmouna\u00efm TOUNZI\">TOUNZI Abdelmouna\u00efm<\/a>, PR<br \/><a href=\".\/?page_id=102&var=2112\" title=\"Wissem BEKIR\">BEKIR Wissem<\/a>, Design engineer<br \/><a href=\".\/?page_id=102&var=21\" title=\"Lo\u00efc CHEVALLIER\">CHEVALLIER Lo\u00efc<\/a>, Design engineer<br \/><a href=\".\/?page_id=102&var=1854\" title=\"Amandine LEPOUTRE\">LEPOUTRE Amandine<\/a>, Design engineer<br \/><a href=\".\/?page_id=102&var=2727\" title=\"Aude NANQUETTE\">NANQUETTE Aude<\/a>, Research engineer<br \/><a href=\".\/?page_id=102&var=1965\" title=\"Simon THOMY\">THOMY Simon<\/a>, Design engineer<br \/><\/p><p><strong>Post-PhD Student<\/strong><br \/><a href=\".\/?page_id=102&var=2757\" title=\"Ilyas BENNIA\">Ilyas BENNIA<\/a><br \/><a href=\".\/?page_id=102&var=2656\" title=\"Ronan CORIN\">Ronan CORIN<\/a><br \/><a href=\".\/?page_id=102&var=2285\" title=\"Marwane DHERB\u00c9COURT\">Marwane DHERB\u00c9COURT<\/a><br \/><a href=\".\/?page_id=102&var=2633\" title=\"Zhi GONG\">Zhi GONG<\/a><br \/><a href=\".\/?page_id=102&var=2097\" title=\"Houssein TAHA\">Houssein TAHA<\/a><br \/><\/p><p><strong>PhD Student<\/strong><br \/><a href=\".\/?page_id=102&var=2410\" title=\"Liwaa ABOU CHAKRA\">Liwaa ABOU CHAKRA<\/a><br \/><a href=\".\/?page_id=102&var=2383\" title=\"Ayoub AINOUZ\">Ayoub AINOUZ<\/a><br \/><a href=\".\/?page_id=102&var=2702\" title=\"Timon CALLENS\">Timon CALLENS<\/a><br \/><a href=\".\/?page_id=102&var=2703\" title=\"Philom\u00e8ne CARTON\">Philom\u00e8ne CARTON<\/a><br \/><a href=\".\/?page_id=102&var=2336\" title=\"Wei CHEN\">Wei CHEN<\/a><br \/><a href=\".\/?page_id=102&var=2643\" title=\"Badr CHERQAOUI\">Badr CHERQAOUI<\/a><br \/><a href=\".\/?page_id=102&var=2708\" title=\"Tarek DERRADJI\">Tarek DERRADJI<\/a><br \/><a href=\".\/?page_id=102&var=2441\" title=\"Jo\u00ebl DRAPPIER\">Jo\u00ebl DRAPPIER<\/a><br \/><a href=\".\/?page_id=102&var=2760\" title=\"Vyvien DUMONT\">Vyvien DUMONT<\/a><br \/><a href=\".\/?page_id=102&var=2711\" title=\"Lionel Steeve GOUNOU KOUONTCHOU\">Lionel Steeve GOUNOU KOUONTCHOU<\/a><br \/><a href=\".\/?page_id=102&var=2712\" title=\"Ze GUO\">Ze GUO<\/a><br \/><a href=\".\/?page_id=102&var=2873\" title=\"Alexandre HUGUET\">Alexandre HUGUET<\/a><br \/><a href=\".\/?page_id=102&var=2438\" title=\"Esteban HUSSON\">Esteban HUSSON<\/a><br \/><a href=\".\/?page_id=102&var=2386\" title=\"Idriss NACHETE\">Idriss NACHETE<\/a><br \/><a href=\".\/?page_id=102&var=2811\" title=\"Chlo\u00e9 PETRYKOWSKI\">Chlo\u00e9 PETRYKOWSKI<\/a><br \/><a href=\".\/?page_id=102&var=2634\" title=\"Lea SALEH\">Lea SALEH<\/a><br \/><a href=\".\/?page_id=102&var=2736\" title=\"Ali SALLOUKH\">Ali SALLOUKH<\/a><br \/><a href=\".\/?page_id=102&var=2738\" title=\"Ga\u00ebtan SANCHEZ\">Ga\u00ebtan SANCHEZ<\/a><br \/><a href=\".\/?page_id=102&var=2444\" title=\"Ghali SQALLI\">Ghali SQALLI<\/a><br \/><\/p><p><strong>Docteur<\/strong><br \/><a href=\".\/?page_id=102&var=57\" title=\"Patricio LA DELFA\">Patricio LA DELFA<\/a><br \/><\/p><p><strong>ATER<\/strong><br \/><a href=\".\/?page_id=102&var=2695\" title=\"Salim ASFIRANE\">Salim ASFIRANE<\/a><br \/><\/p>\n<p><strong><span style=\"color: #f07e1c;\"><span style=\"font-size: medium; color: #f07e1c;\">Partenariats<\/span><\/span><\/strong><\/p>\n<p style=\"text-align: justify;\"><strong>Research programs<\/strong><span>\u00a0:<\/span> : MEDEE, JEOLIS<br \/>\n<strong>Nationals laboratories<\/strong>\u00a0:\u00a0G2Elab, Roberval, FEMTO-ST &#8211; Belfort, SATIE -Paris, IREENA, LSEE, LAPLACE, AMPERE, SEEDS<br \/>\n<strong>Laboratories from others areas :\u00a0<\/strong>Paul Painlev\u00e9 (applied mathematics), LAMIH (thermal), LMSP (processes and metrology)\u00a0CRIStAL (automatic and computer)<br \/>\n<strong>Industries:<\/strong> EDF, Jeumont Electric, Val\u00e9o, Auxel, Alstom-Transport (Ornans, Tarbes, Charleroi), Renault, IREQ<br \/>\n<strong>International relations<\/strong><span>\u00a0:<\/span> Belgium (P\u00f4le d&rsquo;attraction inter-universitaire, Li\u00e8ge, Gand, KU Leuven), TU Cluj Napoca, University of Bucarest, MPEI Moscou, Brasil (University\u00a0 of Santa Catarina), Canada (Universities of Laval, Universit\u00e9 McGill, ETS Montr\u00e9al), United states (University of Akron), Algeria (ENP Alger, University of B\u00e9ja\u00efa), LARA ENIT Tunis, Finland (University of d&rsquo;Aalto), Germany (RWTH-Aachen), China (Universities of Wuhan,\u00a0 Xi&rsquo;An Jiaotong and Chinese academic science)<\/p>\n","protected":false},"excerpt":{"rendered":"<p>Supervisor\u00a0: Abdelmounaim TOUNZI abdelmounaim.tounzi@univ-lille.fr L2EP, B\u00e2timent P2 Cit\u00e9 Scientifique &#8211; Universit\u00e9 Lille 1 59655 Villeneuve d&rsquo;Ascq T\u00e9l : +33\u00a00)3-20-43-49-06 &nbsp; &nbsp; &gt; News\u00a0 &gt; Seminars &gt; Developments &gt; Code Carmel &gt; Sophemis platform &gt; Materials characterization &gt; Thesis Research Axis The team Numerical Tools and Methods works on the development of numerical models and effective [&hellip;]<\/p>\n","protected":false},"author":3,"featured_media":0,"parent":197,"menu_order":7,"comment_status":"closed","ping_status":"closed","template":"","meta":[],"_links":{"self":[{"href":"https:\/\/l2ep.univ-lille.fr\/en\/wp-json\/wp\/v2\/pages\/3386"}],"collection":[{"href":"https:\/\/l2ep.univ-lille.fr\/en\/wp-json\/wp\/v2\/pages"}],"about":[{"href":"https:\/\/l2ep.univ-lille.fr\/en\/wp-json\/wp\/v2\/types\/page"}],"author":[{"embeddable":true,"href":"https:\/\/l2ep.univ-lille.fr\/en\/wp-json\/wp\/v2\/users\/3"}],"replies":[{"embeddable":true,"href":"https:\/\/l2ep.univ-lille.fr\/en\/wp-json\/wp\/v2\/comments?post=3386"}],"version-history":[{"count":67,"href":"https:\/\/l2ep.univ-lille.fr\/en\/wp-json\/wp\/v2\/pages\/3386\/revisions"}],"predecessor-version":[{"id":9035,"href":"https:\/\/l2ep.univ-lille.fr\/en\/wp-json\/wp\/v2\/pages\/3386\/revisions\/9035"}],"up":[{"embeddable":true,"href":"https:\/\/l2ep.univ-lille.fr\/en\/wp-json\/wp\/v2\/pages\/197"}],"wp:attachment":[{"href":"https:\/\/l2ep.univ-lille.fr\/en\/wp-json\/wp\/v2\/media?parent=3386"}],"curies":[{"name":"wp","href":"https:\/\/api.w.org\/{rel}","templated":true}]}}