{"id":283,"date":"2013-07-05T16:45:53","date_gmt":"2013-07-05T15:45:53","guid":{"rendered":"https:\/\/l2ep.univ-lille.fr\/?page_id=283"},"modified":"2021-01-19T10:37:00","modified_gmt":"2021-01-19T09:37:00","slug":"talents","status":"publish","type":"page","link":"https:\/\/l2ep.univ-lille.fr\/en\/formation\/talents\/","title":{"rendered":"Talents"},"content":{"rendered":"<p><strong><span style=\"color: #f07e1c;\">Ludovic HORREIN<\/span><br \/>\nFellow research engineer (CERN)<\/strong><\/p>\n<p>&gt;\u00a0<span lang=\"en-GB\">Doctorate in Electrical Engineering\u00a0<\/span>(<span style=\"color: #f07e1c;\">University of Lille<\/span>)<br \/>\n&gt;\u00a0<span lang=\"en-GB\">Master&rsquo;s degree in Electrical Energy Network Management\u00a0<\/span>(<span style=\"color: #f07e1c;\">University of Lille<\/span>)<br \/>\n&gt;\u00a0<span lang=\"en-GB\">EEA Bachelor&rsquo;s degree<\/span><\/p>\n<p><span lang=\"en-GB\"><img loading=\"lazy\" src=\"https:\/\/l2ep.univ-lille.fr\/wp-content\/uploads\/port1.png\" alt=\"\" width=\"106\" height=\"194\" class=\" wp-image-6645 alignleft\" \/>Ludovic Horrein has the profile of a student who did not initially plan to enter the field of research or complete a thesis, or even to train for an extensive period of time.<br \/>\nWhen he had just obtained his \u00ab\u00a0BTS\u00a0\u00bb (advanced technician&rsquo;s certificate) in electrical engineering (2-year undergraduate course), Ludovic still had many questions about his future path. It was during an open-day tour of the University of Lille that he discovered the EEA training courses (Bachelors and Masters) and the professional opportunities arising from them. He therefore decided to pursue his studies for 3 years to obtain his Master&rsquo;s degree (5-year post-baccalaureate course). By starting this new course, it was clear to him that, after his Master&rsquo;s degree, he would stop his studies.<\/p>\n<p>At this time, he still had no plans to make the move towards the field of research. The turning point was in the last year of his Master&rsquo;s degree when he was given the opportunity to complete a project in collaboration with Siemens on the energy modelling of underground railway systems. It was this first research project that prompted him to do a thesis with the career objective of joining an R&amp;D department in a company. Consequently, he completed his thesis at L2EP in partnership with PSA Peugeot Citro\u00ebn and with the support of the national research network on hybrid vehicles, MEGEVH. His thesis focused on the design of energy management strategies for hybrid vehicles which define the best power distribution in vehicles in order to reduce their consumption.<\/p>\n<p>Thanks to the wealth of scientific knowledge he gained from his research and the alternative perspective he had of the scientific community by working alongside its members, he finally decided to move towards a more research-focused career. So he started a Fellowship (Post-Doctoral) contract at CERN for a period of two years where he pursues his work in the field of research.<\/span><\/p>\n<p>&nbsp;<\/p>\n<p><!--<strong><span style=\"color: #f07e1c;\">Francisc BOLONI<\/span>\nConsultant en management de l'innovation (Artimia)<\/strong>\n\n&gt; Ing\u00e9nieur consultant scientifique (Artimia)\n&gt; Doctorat en G\u00e9nie \u00e9lectrique (<span style=\"color: #f07e1c;\">Universit\u00e9 \u00a0Lille1<\/span>)\n&gt; Master Recherche M\u00e9canique-Mat\u00e9riaux-Proc\u00e9d\u00e9s (Arts et M\u00e9tiers Paris tech de Ch\u00e2lons en Champagne et\u00a0<span style=\"color: #f07e1c;\">Universit\u00e9 Lille1<\/span>)\n&gt; Ing\u00e9nieur m\u00e9catronique, sp\u00e9cialit\u00e9 robotique et actionneurs de pr\u00e9cision (Universit\u00e9 Politechnica de Bucarest)\n\n[AnythingPopup id=\"2\"]\n\n&nbsp;--><\/p>\n<p><span style=\"color: #f07e1c;\"><strong><strong><span style=\"font-size: medium; color: #f07e1c;\">Arnaud VIDET<\/span><\/strong><\/strong><\/span><\/p>\n<p><strong><span lang=\"en-GB\"><span>Lecturer (L2EP of Lille)<\/span><\/span><\/strong><\/p>\n<p><span lang=\"en-GB\">&gt; Electronics Research Engineer (<span style=\"color: #f07e1c;\">Schneider Toshiba Inverter<\/span>)<br \/>\n&gt; Doctorate in Electrical Engineering (<span style=\"color: #f07e1c;\">Ecole Centrale of Lille<\/span>)<br \/>\n&gt; Master&rsquo;s degree in Electrical Energy and Sustainable Development research (University of Lille)<br \/>\n&gt; Engineering School \u2013 3rd year:\u00a0Engineering of Electrical and Electronic Systems (<span style=\"color: #f07e1c;\">Ecole centrale of Lille<\/span>)<br \/>\n&gt; Preparatory classes for the Grandes Ecoles<\/span><\/p>\n<p><span lang=\"en-GB\">The case is worthy of mention given the rather extraordinary fact that the method developed by the young doctoral student for his thesis was patented. What&rsquo;s more, he joined Schneider Electric and its joint venture Schneider Toshiba Inverter Europe (STIE) in October 2008 even before his viva in December of the same year.<\/p>\n<p>Schneider Electric had co-financed this thesis with the Nord-Pas-de-Calais Region and it was as part of L2EP&rsquo;s Power Electronics team that the doctoral student worked on the design of \u00ab\u00a0clean\u00a0\u00bb variable speed drives, i.e. drives that release relatively little pollution into the environment (in terms of high frequency currents flowing in the installation and overvoltages applied to the powered motor), and developed a multilevel inverter control method.<\/p>\n<p>Today, the engineer is pursuing his work in applied research addressing themes that are still related to his doctoral subject. \u00ab\u00a0In particular, I am studying the possibility of using the multilevel inverter control method developed and patented during my thesis in one of our future products\u00a0\u00bb.<\/span><\/p>\n","protected":false},"excerpt":{"rendered":"<p>Ludovic HORREIN Fellow research engineer (CERN) &gt;\u00a0Doctorate in Electrical Engineering\u00a0(University of Lille) &gt;\u00a0Master&rsquo;s degree in Electrical Energy Network Management\u00a0(University of Lille) &gt;\u00a0EEA Bachelor&rsquo;s degree Ludovic Horrein has the profile of a student who did not initially plan to enter the field of research or complete a thesis, or even to train for an extensive period [&hellip;]<\/p>\n","protected":false},"author":3,"featured_media":0,"parent":156,"menu_order":4,"comment_status":"closed","ping_status":"closed","template":"","meta":[],"_links":{"self":[{"href":"https:\/\/l2ep.univ-lille.fr\/en\/wp-json\/wp\/v2\/pages\/283"}],"collection":[{"href":"https:\/\/l2ep.univ-lille.fr\/en\/wp-json\/wp\/v2\/pages"}],"about":[{"href":"https:\/\/l2ep.univ-lille.fr\/en\/wp-json\/wp\/v2\/types\/page"}],"author":[{"embeddable":true,"href":"https:\/\/l2ep.univ-lille.fr\/en\/wp-json\/wp\/v2\/users\/3"}],"replies":[{"embeddable":true,"href":"https:\/\/l2ep.univ-lille.fr\/en\/wp-json\/wp\/v2\/comments?post=283"}],"version-history":[{"count":39,"href":"https:\/\/l2ep.univ-lille.fr\/en\/wp-json\/wp\/v2\/pages\/283\/revisions"}],"predecessor-version":[{"id":3905,"href":"https:\/\/l2ep.univ-lille.fr\/en\/wp-json\/wp\/v2\/pages\/283\/revisions\/3905"}],"up":[{"embeddable":true,"href":"https:\/\/l2ep.univ-lille.fr\/en\/wp-json\/wp\/v2\/pages\/156"}],"wp:attachment":[{"href":"https:\/\/l2ep.univ-lille.fr\/en\/wp-json\/wp\/v2\/media?parent=283"}],"curies":[{"name":"wp","href":"https:\/\/api.w.org\/{rel}","templated":true}]}}