{"id":2099,"date":"2013-10-16T16:38:11","date_gmt":"2013-10-16T15:38:11","guid":{"rendered":"https:\/\/l2ep.univ-lille.fr\/?page_id=2099"},"modified":"2015-06-16T16:01:19","modified_gmt":"2015-06-16T15:01:19","slug":"bibliographie","status":"publish","type":"page","link":"https:\/\/l2ep.univ-lille.fr\/en\/groupes-de-recherche\/equipe-commande\/projet-stimtac\/bibliographie\/","title":{"rendered":"Bibliography"},"content":{"rendered":"<h3><span style=\"color: #000000;\"><strong>PhD thesis report<\/strong><\/span><\/h3>\n<p><strong>Melisande Biet<br \/>\n<\/strong>Conception et contr\u00f4le d&rsquo;actionneurs \u00e9lectro-actifs d\u00e9di\u00e9s \u00e0 la stimulation tactile,<br \/>\nUniversity Lille1 URL<\/p>\n<h3><span style=\"color: #000000;\"><strong>Patent<\/strong><\/span><\/h3>\n<p>Patent n\u00b0WO2008116980 (A1), publication date 2008-10-02<br \/>\nBIET MELISANDE, GIRAUD FREDERIC, LEMAIRE SEMAIL BETTY<br \/>\n&lt;ajouter brevet n\u00c2\u00b0 2&gt;<\/p>\n<h3><span style=\"color: #000000;\"><strong>Publications<\/strong><\/span><\/h3>\n<p><em>\u00ab\u00a0<strong>Efficacit\u00e9 et robustesse aux distracteurs dans un retour tactile pour faciliter le pointage.\u00a0\u00bb<\/strong><br \/>\n<\/em>22\u00e8me conf\u00e9rence sur l&rsquo;interaction Homme-Machine (IHM 2010), ACM Press, pages. 25-32, 9-2010<br \/>\nG\u00e9ry Casiez, Nicolas Roussel, Romuald Van Belleghem, Fr\u00e9d\u00e9ric GIRAUD<\/p>\n<p><strong><em>\u00ab\u00a0Power consumption reduction of a controlled friction Tactile Plate\u00a0\u00bb<br \/>\n<\/em><\/strong>Eurohaptics 2010 Amsterdam, 7-2010<br \/>\nFr\u00e9d\u00e9ric GIRAUD, Michel Amberg, Romuald Vanbelleghem, Betty LEMAIRE-SEMAIL URL<\/p>\n<p><strong><em>\u00ab\u00a0Analysis of a New Haptic Display Coupling Tactile and Kinesthetic Feedback to Render Texture and Shape\u00a0\u00bb<br \/>\n<\/em><\/strong>EuroHaptic2010, Vol. 6192, N\u00b0. 2, pages. 87-93, ISBN. 10.1007\/978-3-642-14075-4_13, 7-2010,<br \/>\nTao ZENG, Fr\u00e9d\u00e9ric GIRAUD, Betty LEMAIRE-SEMAIL, Michel AMBERG<\/p>\n<p><em><strong>\u00ab\u00a0Geometrical optimization of an ultrasonic tactile plate for surface texture rendering\u00a0\u00bb<br \/>\n<\/strong><\/em>Sensors and Actuators: A Physical, Vol. 191, N\u00b0. 1-2, pages. 91-100, 6-2010<br \/>\nPeter Sergeant, Fr\u00e9d\u00e9ric GIRAUD, Betty LEMAIRE-SEMAIL URL<\/p>\n<p><strong><em>\u00ab\u00a0Implementation of tactile feedback by modifying the perceived friction\u00a0\u00bb<br \/>\n<\/em><\/strong>The European Physical Journal &#8211; Applied Physics, Vol. 43, N\u00b0. 1, pages. 123-135, 7-2008<br \/>\nM\u00e9lisande BIET, Fr\u00e9d\u00e9ric GIRAUD, Betty LEMAIRE-SEMAIL URL<\/p>\n<p><strong><em>\u00ab\u00a0Squeeze film effect for the design of an ultrasonic tactile plate\u00a0\u00bb<br \/>\n<\/em><\/strong>IEEE Transactions on Ultrasonic, Ferroelectric and Frequency Control, Vol. 54, N\u00b0. 12, pages. 2678 &#8211; 2688, 12-2007<br \/>\nMelisande BIET, Fr\u00e9d\u00e9ric GIRAUD, Betty LEMAIRE-SEMAIL URL<\/p>\n<p><em><strong>\u00ab\u00a0Dispositifs \u00e0 frottement variable pour le retour tactile\u00a0\u00bb<br \/>\n<\/strong><\/em>Sciences et Technologies pour le Handicap, \u00e9ditions Hermes, Vol. 2, N\u00b0. 2, pages. 115-129, 1-2008<br \/>\nBetty LEMAIRE-SEMAIL, Fr\u00e9d\u00e9ric GIRAUD<\/p>\n<p><em><strong>\u00ab\u00a0Advances in the Development of a New Force-Feedback Tactile Device\u00a0\u00bb<br \/>\n<\/strong><\/em>11th international conference on new actuators (ACTUATOR&rsquo;08), 6-2008<br \/>\nFr\u00e9d\u00e9ric GIRAUD, M\u00e9lisande Biet, Betty LEMAIRE-SEMAIL<\/p>\n<p><em><strong>\u00ab\u00a0Discrimination of Virtual Square Gratings by Dynamic Touch on Friction Based Tactile Displays\u00a0\u00bb<br \/>\n<\/strong><\/em>Haptic Interfaces for Virtual Environment and Teleoperator Systems (part of IEEE-VR), pages. 41 &#8211; 48, 3-2008,<br \/>\nMelisande BIET, G\u00e9ry CASIEZ, Fr\u00e9d\u00e9ric GIRAUD, Betty LEMAIRE-SEMAIL<\/p>\n<p><em><strong>\u00ab\u00a0Using an ultrasonic transducer: Evidence for an anisotropic deprivation of frictional cues in microtexture perception\u00a0\u00bb<br \/>\n<\/strong><\/em>WorldHaptics, The Second Joint Eurohaptics Conference and Symposium on Haptic Interfaces for Virtual Environnment and Teleoperator Systems, pages. 385 &#8211; 390, 3-2007<br \/>\nMelisande BIET, Loic BOULON, Francois MARTINOT, Fr\u00e9d\u00e9ric GIRAUD, Betty LEMAIRE-SEMAIL<\/p>\n<p><em><strong>\u00ab\u00a0A Piezoelectric Tactile Display Using Travelling Lamb Wave\u00a0\u00bb<br \/>\n<\/strong><\/em>EUROHAPTICS 2006, pages. 567 570, 7-2006,<br \/>\nMelisande BIET, Fr\u00e9d\u00e9ric GIRAUD, Francois MARTINOT, Betty LEMAIRE-SEMAIL<\/p>\n<p><em><strong>\u00ab\u00a0New tactile devices using piezoelectric actuators\u00a0\u00bb<br \/>\n<\/strong><\/em>Actuator, 6-2006<br \/>\nMelisande BIET, Fr\u00e9d\u00e9ric GIRAUD, Betty LEMAIRE-SEMAIL<\/p>\n<p><em><strong>\u00ab\u00a0Dynamics of the lateral motion EP : a perceptual role.\u00a0\u00bb<br \/>\n<\/strong><\/em>Eurohaptics. 2006<br \/>\nFran\u00e7ois Martinot, Patricia Pl\u00e9nacoste, Betty Semail<\/p>\n<p><em><strong>\u00ab\u00a0Mechanical Responses of the Fingerpad and Distal Phalanx to Friction of a Grooved Surface : Effect of the Contact Angle\u00a0\u00bb<br \/>\n<\/strong><\/em>In Haptic Interfaces for Virtual Environment and Teleoperator Systems (part of IEEE-VR). 2006<br \/>\nFran\u00e7ois Martinot, Patricia Pl\u00e9nacoste and Christophe Chaillou.<\/p>\n<p><em><strong>\u00ab\u00a0The Influence of Surface Commensurability on Roughness Perception With a Bare Finger\u00a0\u00bb<br \/>\n<\/strong><\/em>In Eurohaptics. 2006<br \/>\nFran\u00e7ois Martinot.<\/p>\n<p><em><strong>\u00ab\u00a0Analyse du toucher et simulation de surfaces fibreuses anisotropes \u00e0 l&rsquo;aide d&rsquo;un effecteur : exemple du velours<\/strong><\/em>\u00a0\u00bb<br \/>\nJourn\u00e9e Fran\u00e7aise de Tribologie, Albi (France), 5-2010<br \/>\nMarie-Ange BUENO, Fr\u00e9d\u00e9ric GIRAUD, R. BOCQUET, Betty LEMAIRE-SEMAIL, M. TOURLONIAS, R.ROSSI, Michel AMBERG<\/p>\n<p><em><strong>\u00ab\u00a0Conception d&rsquo;un stimulateur tactile\u00a0\u00bb<br \/>\n<\/strong><\/em>CESAM&rsquo;07, ENSEEIHT, Toulouse, 6-7 Septembre 2007, 9-2007<br \/>\nFr\u00e9d\u00e9ric GIRAUD, Melisande BIET, Betty LEMAIRE-SEMAIL<\/p>\n<p><em><strong>\u00ab\u00a0Typologie des Technologies pour le Rendu Tactile\u00a0\u00bb<br \/>\n<\/strong><\/em>Journ\u00e9e scientifique internationale IRCICA, Lille, 3-2004<br \/>\nFr\u00e9d\u00e9ric GIRAUD, Francois MARTINOT<\/p>\n<p><em><strong>\u00ab\u00a0Touch analysis and tactile device design: an overview of STIMTAC project\u00a0\u00bb<br \/>\n<\/strong><\/em>Virtual Concept Biarritz, 11-2005<br \/>\nBetty LEMAIRE-SEMAIL, Francois Martinot, Fr\u00c3\u00e9d\u00e9ric GIRAUD, Patricia Pl\u00e9nacoste, Karim Talbi, CH. Chaillou, Ph. Pernod<\/p>\n<p>&nbsp;<\/p>\n","protected":false},"excerpt":{"rendered":"<p>PhD thesis report Melisande Biet Conception et contr\u00f4le d&rsquo;actionneurs \u00e9lectro-actifs d\u00e9di\u00e9s \u00e0 la stimulation tactile, University Lille1 URL Patent Patent n\u00b0WO2008116980 (A1), publication date 2008-10-02 BIET MELISANDE, GIRAUD FREDERIC, LEMAIRE SEMAIL BETTY &lt;ajouter brevet n\u00c2\u00b0 2&gt; Publications \u00ab\u00a0Efficacit\u00e9 et robustesse aux distracteurs dans un retour tactile pour faciliter le pointage.\u00a0\u00bb 22\u00e8me conf\u00e9rence sur l&rsquo;interaction Homme-Machine [&hellip;]<\/p>\n","protected":false},"author":3,"featured_media":0,"parent":2033,"menu_order":0,"comment_status":"closed","ping_status":"closed","template":"","meta":[],"_links":{"self":[{"href":"https:\/\/l2ep.univ-lille.fr\/en\/wp-json\/wp\/v2\/pages\/2099"}],"collection":[{"href":"https:\/\/l2ep.univ-lille.fr\/en\/wp-json\/wp\/v2\/pages"}],"about":[{"href":"https:\/\/l2ep.univ-lille.fr\/en\/wp-json\/wp\/v2\/types\/page"}],"author":[{"embeddable":true,"href":"https:\/\/l2ep.univ-lille.fr\/en\/wp-json\/wp\/v2\/users\/3"}],"replies":[{"embeddable":true,"href":"https:\/\/l2ep.univ-lille.fr\/en\/wp-json\/wp\/v2\/comments?post=2099"}],"version-history":[{"count":13,"href":"https:\/\/l2ep.univ-lille.fr\/en\/wp-json\/wp\/v2\/pages\/2099\/revisions"}],"predecessor-version":[{"id":2103,"href":"https:\/\/l2ep.univ-lille.fr\/en\/wp-json\/wp\/v2\/pages\/2099\/revisions\/2103"}],"up":[{"embeddable":true,"href":"https:\/\/l2ep.univ-lille.fr\/en\/wp-json\/wp\/v2\/pages\/2033"}],"wp:attachment":[{"href":"https:\/\/l2ep.univ-lille.fr\/en\/wp-json\/wp\/v2\/media?parent=2099"}],"curies":[{"name":"wp","href":"https:\/\/api.w.org\/{rel}","templated":true}]}}