{"id":152,"date":"2013-06-26T20:33:20","date_gmt":"2013-06-26T19:33:20","guid":{"rendered":"https:\/\/l2ep.univ-lille.fr\/?page_id=152"},"modified":"2021-01-19T10:21:57","modified_gmt":"2021-01-19T09:21:57","slug":"industriels","status":"publish","type":"page","link":"https:\/\/l2ep.univ-lille.fr\/en\/146-2\/industriels\/","title":{"rendered":"National academics"},"content":{"rendered":"<p><img loading=\"lazy\" class=\"alignleft size-full wp-image-1576\" alt=\"partenariats acad\u00e9miques nationaux\" src=\"https:\/\/l2ep.univ-lille.fr\/wp-content\/uploads\/p-nationaux.jpg\" width=\"69\" height=\"69\" \/><\/p>\n<p><span lang=\"en-GB\">L2EP is involved in the <\/span><strong><a class=\"western\" href=\"http:\/\/www.seedsresearch.eu\/\"><span lang=\"en-GB\">SEEDS<\/span><\/a><\/strong><span lang=\"en-GB\"> research group which brings together the laboratories and electrical engineering academic teams.\u00a0It maintains close working relations with other <\/span><strong><span lang=\"en-GB\">electrical engineering research laboratories<\/span><\/strong><span lang=\"en-GB\">:<\/span><\/p>\n<p>&nbsp;<\/p>\n<p><span style=\"color: #f07e1c;\">Amp\u00e8re <span style=\"color: #333333;\">(Lyon)<br \/>\n<\/span>ESTACA <span style=\"color: #333333;\">(Levallois Perret)<\/span><br \/>\nFEMTO-ST <span style=\"color: #333333;\">(Besan\u00e7on)<\/span><br \/>\nG2Elab<\/span> (Grenoble)<br \/>\n<span style=\"color: #f07e1c;\">Laplace <span style=\"color: #333333;\">(Toulouse)<br \/>\n<\/span><\/span><span style=\"color: #f07e1c;\">LEC<\/span> (UTC Compi\u00e8gne)<br \/>\n<span style=\"color: #f07e1c;\">LGEP<\/span> (Paris)<br \/>\n<span style=\"color: #f07e1c;\">Supelec<\/span> (Paris)<\/p>\n<p><span lang=\"en-GB\">as well as <\/span><strong><span lang=\"en-GB\">laboratories that specialise in other themes:\u00a0<\/span><\/strong><\/p>\n<p><span style=\"color: #f07e1c;\">IEMN\u00a0<span style=\"color: #333333;\">(<\/span><\/span><span lang=\"en-GB\">Large gap components and electromagnetic compatibility<\/span><span style=\"color: #f07e1c;\"><span style=\"color: #333333;\">&#8211; Villeneuve-d&rsquo;Ascq)<\/span><br \/>\nIRENAV\u00a0<\/span>(<span lang=\"en-GB\">French Naval Academy Research Institute<\/span>&#8211; Brest)<br \/>\n<span style=\"color: #f07e1c;\">LCFC<\/span> (<span lang=\"en-GB\">Design, manufacture and control<\/span>&#8211; Metz)<br \/>\n<span style=\"color: #f07e1c;\">LIFL\u00a0<span style=\"color: #333333;\">(<\/span><\/span><span lang=\"en-GB\">Fundamental Computing<\/span><span style=\"color: #f07e1c;\"><span style=\"color: #333333;\">\u00a0&#8211; Villeneuve-d&rsquo;Ascq)<br \/>\n<\/span><\/span><span lang=\"en-GB\"><span style=\"color: #f07e1c;\">LAGIS<\/span> (Automation, Computer Engineering, Signal \u2013 Villeneuve-d&rsquo;Ascq)<br \/>\n<span style=\"color: #f07e1c;\">LML<\/span> (Mechanical \u2013 Villeneuve-d&rsquo;Ascq)<br \/>\n<span style=\"color: #f07e1c;\">LMSP<\/span> (Mechanics of systems and processes \u2013 Paris)<br \/>\n<span style=\"color: #f07e1c;\">LPMT <\/span>(Textile Physics and Mechanics \u2013 Mulhouse)<br \/>\n<span style=\"color: #f07e1c;\">Paul Painlev\u00e9<\/span> (Applied Mathematics \u2013 Villeneuve-d&rsquo;Ascq)<br \/>\n<span style=\"color: #f07e1c;\">Tempo<\/span> (Thermal \u2013 Valenciennes)<br \/>\n<span style=\"color: #f07e1c;\">Uria<\/span> (Ecole des Mines engineering school, Douai)\u00a0<\/span><\/p>\n<p style=\"text-align: justify;\"><span>The L2EP is involved with regional and national university laboratories on<\/span><a href=\"https:\/\/l2ep.univ-lille.fr\/?page_id=151\"><span>\u00a0<strong><span style=\"color: #f07e1c;\">programmes linked to industry<\/span><\/strong><\/span><\/a><span>. It is at the heart of the\u00a0<\/span><a href=\"https:\/\/l2ep.univ-lille.fr\/?page_id=2033\"><strong><span><strong><span style=\"color: #f07e1c;\">STIMTAC<\/span><\/strong><\/span><\/strong><\/a><span>\u00a0project (design and control of man-machine interfaces with tactile and kinesthetic feedback) supported by IRCICA and INRIA in collaboration with LIFL.<\/span><\/p>\n","protected":false},"excerpt":{"rendered":"<p>L2EP is involved in the SEEDS research group which brings together the laboratories and electrical engineering academic teams.\u00a0It maintains close working relations with other electrical engineering research laboratories: &nbsp; Amp\u00e8re (Lyon) ESTACA (Levallois Perret) FEMTO-ST (Besan\u00e7on) G2Elab (Grenoble) Laplace (Toulouse) LEC (UTC Compi\u00e8gne) LGEP (Paris) Supelec (Paris) as well as laboratories that specialise in other [&hellip;]<\/p>\n","protected":false},"author":3,"featured_media":0,"parent":146,"menu_order":1,"comment_status":"closed","ping_status":"closed","template":"","meta":[],"_links":{"self":[{"href":"https:\/\/l2ep.univ-lille.fr\/en\/wp-json\/wp\/v2\/pages\/152"}],"collection":[{"href":"https:\/\/l2ep.univ-lille.fr\/en\/wp-json\/wp\/v2\/pages"}],"about":[{"href":"https:\/\/l2ep.univ-lille.fr\/en\/wp-json\/wp\/v2\/types\/page"}],"author":[{"embeddable":true,"href":"https:\/\/l2ep.univ-lille.fr\/en\/wp-json\/wp\/v2\/users\/3"}],"replies":[{"embeddable":true,"href":"https:\/\/l2ep.univ-lille.fr\/en\/wp-json\/wp\/v2\/comments?post=152"}],"version-history":[{"count":64,"href":"https:\/\/l2ep.univ-lille.fr\/en\/wp-json\/wp\/v2\/pages\/152\/revisions"}],"predecessor-version":[{"id":6642,"href":"https:\/\/l2ep.univ-lille.fr\/en\/wp-json\/wp\/v2\/pages\/152\/revisions\/6642"}],"up":[{"embeddable":true,"href":"https:\/\/l2ep.univ-lille.fr\/en\/wp-json\/wp\/v2\/pages\/146"}],"wp:attachment":[{"href":"https:\/\/l2ep.univ-lille.fr\/en\/wp-json\/wp\/v2\/media?parent=152"}],"curies":[{"name":"wp","href":"https:\/\/api.w.org\/{rel}","templated":true}]}}